{"id":1731,"date":"2009-11-19T20:02:14","date_gmt":"2009-11-19T20:02:14","guid":{"rendered":"http:\/\/www.bv-guimaraes.org\/site\/?page_id=1731"},"modified":"2019-12-03T17:08:40","modified_gmt":"2019-12-03T17:08:40","slug":"viaturas-de-apoio","status":"publish","type":"page","link":"https:\/\/www.bv-guimaraes.org\/site\/operacional\/viaturas\/viaturas-de-apoio\/","title":{"rendered":"Ve\u00edculos de Socorro e Assist\u00eancia T\u00e9cnica"},"content":{"rendered":"<p><span style=\"font-size: large;\">VSAE 01<\/span><br \/>\n<span style=\"font-size: small;\">Ve\u00edculo de Socorro e Assist\u00eancia Especial<\/span><\/p>\n<p><span style=\"font-size: small;\"><a href=\"http:\/\/www.bv-guimaraes.org\/site\/wp-content\/uploads\/VSAE-01-BVG1.jpg\" data-rel=\"lightbox-gallery-7sjohSdD\" data-rl_title=\"\" data-rl_caption=\"\"><img loading=\"lazy\" decoding=\"async\" class=\"aligncenter size-full wp-image-1870\" title=\"\" src=\"http:\/\/www.bv-guimaraes.org\/site\/wp-content\/uploads\/VSAE-01-BVG1.jpg\" alt=\"VSAE 01 - BVG\" width=\"600\" height=\"400\" srcset=\"https:\/\/www.bv-guimaraes.org\/site\/wp-content\/uploads\/VSAE-01-BVG1.jpg 600w, https:\/\/www.bv-guimaraes.org\/site\/wp-content\/uploads\/VSAE-01-BVG1-300x200.jpg 300w\" sizes=\"auto, (max-width: 600px) 100vw, 600px\" \/><\/a><\/span><\/p>\n<p><span style=\"font-size: large;\">VSAT 02<\/span><br \/>\n<span style=\"font-size: small;\">Ve\u00edculo de Socorro e Assist\u00eancia T\u00e1ctico<\/span><\/p>\n<p><span style=\"font-size: small;\"><a href=\"http:\/\/www.bv-guimaraes.org\/site\/wp-content\/uploads\/VSAT-02.jpg\" data-rel=\"lightbox-gallery-7sjohSdD\" data-rl_title=\"\" data-rl_caption=\"\"><img loading=\"lazy\" decoding=\"async\" class=\"wp-image-7344 size-full aligncenter\" title=\"\" src=\"http:\/\/www.bv-guimaraes.org\/site\/wp-content\/uploads\/VSAT-02.jpg\" alt=\"\" width=\"600\" height=\"337\" srcset=\"https:\/\/www.bv-guimaraes.org\/site\/wp-content\/uploads\/VSAT-02.jpg 600w, https:\/\/www.bv-guimaraes.org\/site\/wp-content\/uploads\/VSAT-02-300x168.jpg 300w\" sizes=\"auto, (max-width: 600px) 100vw, 600px\" \/><\/a><\/span><\/p>\n","protected":false},"excerpt":{"rendered":"<p>VSAE 01 Ve\u00edculo de Socorro e Assist\u00eancia Especial VSAT 02 Ve\u00edculo de Socorro e Assist\u00eancia T\u00e1ctico<\/p>\n","protected":false},"author":5,"featured_media":0,"parent":1673,"menu_order":0,"comment_status":"closed","ping_status":"closed","template":"","meta":{"ngg_post_thumbnail":0,"footnotes":""},"class_list":["post-1731","page","type-page","status-publish","hentry"],"_links":{"self":[{"href":"https:\/\/www.bv-guimaraes.org\/site\/wp-json\/wp\/v2\/pages\/1731","targetHints":{"allow":["GET"]}}],"collection":[{"href":"https:\/\/www.bv-guimaraes.org\/site\/wp-json\/wp\/v2\/pages"}],"about":[{"href":"https:\/\/www.bv-guimaraes.org\/site\/wp-json\/wp\/v2\/types\/page"}],"author":[{"embeddable":true,"href":"https:\/\/www.bv-guimaraes.org\/site\/wp-json\/wp\/v2\/users\/5"}],"replies":[{"embeddable":true,"href":"https:\/\/www.bv-guimaraes.org\/site\/wp-json\/wp\/v2\/comments?post=1731"}],"version-history":[{"count":37,"href":"https:\/\/www.bv-guimaraes.org\/site\/wp-json\/wp\/v2\/pages\/1731\/revisions"}],"predecessor-version":[{"id":8281,"href":"https:\/\/www.bv-guimaraes.org\/site\/wp-json\/wp\/v2\/pages\/1731\/revisions\/8281"}],"up":[{"embeddable":true,"href":"https:\/\/www.bv-guimaraes.org\/site\/wp-json\/wp\/v2\/pages\/1673"}],"wp:attachment":[{"href":"https:\/\/www.bv-guimaraes.org\/site\/wp-json\/wp\/v2\/media?parent=1731"}],"curies":[{"name":"wp","href":"https:\/\/api.w.org\/{rel}","templated":true}]}}