{"id":2,"date":"2009-02-06T16:30:02","date_gmt":"2009-02-06T16:30:02","guid":{"rendered":"http:\/\/localhost\/bombeiros\/?page_id=2"},"modified":"2022-12-13T22:52:19","modified_gmt":"2022-12-13T22:52:19","slug":"institucional","status":"publish","type":"page","link":"https:\/\/www.bv-guimaraes.org\/site\/institucional\/","title":{"rendered":"Institucional"},"content":{"rendered":"<p style=\"text-align: justify;\"><img loading=\"lazy\" decoding=\"async\" class=\"wp-image-8024 size-thumbnail alignleft\" src=\"http:\/\/www.bv-guimaraes.org\/site\/wp-content\/uploads\/joao-miranda-150x150.jpg\" alt=\"\" width=\"150\" height=\"150\" srcset=\"https:\/\/www.bv-guimaraes.org\/site\/wp-content\/uploads\/joao-miranda-150x150.jpg 150w, https:\/\/www.bv-guimaraes.org\/site\/wp-content\/uploads\/joao-miranda-230x230.jpg 230w\" sizes=\"auto, (max-width: 150px) 100vw, 150px\" \/><\/p>\n<p style=\"text-align: justify;\">Bem vindos ao site desta prestigiada Associa\u00e7\u00e3o Humanit\u00e1ria dos Bombeiros Volunt\u00e1rios de Guimar\u00e3es (centen\u00e1ria).<\/p>\n<p style=\"text-align: justify;\">Ser bombeiro \u00e9 uma &#8220;profiss\u00e3o&#8221; de alto risco, por isso Precisamos da Ajuda de todos para que possamos prestar melhor socorro e <em>Proteger Quem nos Protege<\/em>.<\/p>\n<p>&nbsp;<\/p>\n<p style=\"text-align: justify;\"><strong>Jo\u00e3o Manuel Gon\u00e7alves Miranda<\/strong><br \/>\n<em><strong>Presidente da\u00a0<\/strong><\/em><b><i>Dire\u00e7\u00e3o<\/i><\/b><\/p>\n","protected":false},"excerpt":{"rendered":"<p>Bem vindos ao site desta prestigiada Associa\u00e7\u00e3o Humanit\u00e1ria dos Bombeiros Volunt\u00e1rios de Guimar\u00e3es (centen\u00e1ria). Ser bombeiro \u00e9 uma &#8220;profiss\u00e3o&#8221; de alto risco, por isso Precisamos da Ajuda de todos para que possamos prestar melhor socorro e Proteger Quem nos Protege.<\/p>\n","protected":false},"author":24,"featured_media":0,"parent":0,"menu_order":1,"comment_status":"closed","ping_status":"closed","template":"","meta":{"ngg_post_thumbnail":0,"footnotes":""},"class_list":["post-2","page","type-page","status-publish","hentry"],"_links":{"self":[{"href":"https:\/\/www.bv-guimaraes.org\/site\/wp-json\/wp\/v2\/pages\/2","targetHints":{"allow":["GET"]}}],"collection":[{"href":"https:\/\/www.bv-guimaraes.org\/site\/wp-json\/wp\/v2\/pages"}],"about":[{"href":"https:\/\/www.bv-guimaraes.org\/site\/wp-json\/wp\/v2\/types\/page"}],"author":[{"embeddable":true,"href":"https:\/\/www.bv-guimaraes.org\/site\/wp-json\/wp\/v2\/users\/24"}],"replies":[{"embeddable":true,"href":"https:\/\/www.bv-guimaraes.org\/site\/wp-json\/wp\/v2\/comments?post=2"}],"version-history":[{"count":9,"href":"https:\/\/www.bv-guimaraes.org\/site\/wp-json\/wp\/v2\/pages\/2\/revisions"}],"predecessor-version":[{"id":8442,"href":"https:\/\/www.bv-guimaraes.org\/site\/wp-json\/wp\/v2\/pages\/2\/revisions\/8442"}],"wp:attachment":[{"href":"https:\/\/www.bv-guimaraes.org\/site\/wp-json\/wp\/v2\/media?parent=2"}],"curies":[{"name":"wp","href":"https:\/\/api.w.org\/{rel}","templated":true}]}}