{"id":2179,"date":"2010-01-22T13:49:08","date_gmt":"2010-01-22T13:49:08","guid":{"rendered":"http:\/\/www.bv-guimaraes.org\/site\/?page_id=2179"},"modified":"2023-05-22T18:36:53","modified_gmt":"2023-05-22T17:36:53","slug":"torne-se-socio","status":"publish","type":"page","link":"https:\/\/www.bv-guimaraes.org\/site\/torne-se-socio\/","title":{"rendered":"Torne-se S\u00f3cio!"},"content":{"rendered":"<style id=\"wpforms-css-vars-8516\">\n\t\t\t\t#wpforms-8516 {\n\t\t\t\t\n\t\t\t}\n\t\t\t<\/style><div class=\"wpforms-container wpforms-container-full wpforms-render-modern\" id=\"wpforms-8516\"><form id=\"wpforms-form-8516\" class=\"wpforms-validate wpforms-form wpforms-ajax-form\" data-formid=\"8516\" method=\"post\" enctype=\"multipart\/form-data\" action=\"\/site\/wp-json\/wp\/v2\/pages\/2179\" data-token=\"4a07621d74972c51e906ac6223c45d0c\" data-token-time=\"1777670562\"><noscript class=\"wpforms-error-noscript\">Please enable JavaScript in your browser to complete this form.<\/noscript><div id=\"wpforms-error-noscript\" style=\"display: none;\">Please enable JavaScript in your browser to complete this form.<\/div><div class=\"wpforms-field-container\"><div id=\"wpforms-8516-field_1-container\" class=\"wpforms-field wpforms-field-text\" data-field-id=\"1\"><label class=\"wpforms-field-label\" for=\"wpforms-8516-field_1\">Nome Completo (conforme Cart\u00e3o de Cidad\u00e3o) <span class=\"wpforms-required-label\" aria-hidden=\"true\">*<\/span><\/label><input type=\"text\" id=\"wpforms-8516-field_1\" class=\"wpforms-field-medium wpforms-field-required\" name=\"wpforms[fields][1]\" placeholder=\"Nome\" aria-errormessage=\"wpforms-8516-field_1-error\" required><\/div><div id=\"wpforms-8516-field_2-container\" class=\"wpforms-field wpforms-field-number\" data-field-id=\"2\"><label class=\"wpforms-field-label\" for=\"wpforms-8516-field_2\">Telem\u00f3vel <span class=\"wpforms-required-label\" aria-hidden=\"true\">*<\/span><\/label><input type=\"number\" id=\"wpforms-8516-field_2\" class=\"wpforms-field-medium wpforms-field-required\" name=\"wpforms[fields][2]\" placeholder=\"Telem\u00f3vel\" step=\"any\" aria-errormessage=\"wpforms-8516-field_2-error\" required><\/div><div id=\"wpforms-8516-field_5-container\" class=\"wpforms-field wpforms-field-email\" data-field-id=\"5\"><label class=\"wpforms-field-label\" for=\"wpforms-8516-field_5\">E-mail <span class=\"wpforms-required-label\" aria-hidden=\"true\">*<\/span><\/label><input type=\"email\" id=\"wpforms-8516-field_5\" class=\"wpforms-field-medium wpforms-field-required\" name=\"wpforms[fields][5]\" spellcheck=\"false\" aria-errormessage=\"wpforms-8516-field_5-error\" required><\/div><div id=\"wpforms-8516-field_3-container\" class=\"wpforms-field wpforms-field-checkbox\" data-field-id=\"3\"><fieldset><legend class=\"wpforms-field-label\">RGPD <span class=\"wpforms-required-label\" aria-hidden=\"true\">*<\/span><\/legend><ul id=\"wpforms-8516-field_3\" class=\"wpforms-field-required\"><li class=\"choice-1 depth-1\"><input type=\"checkbox\" id=\"wpforms-8516-field_3_1\" name=\"wpforms[fields][3][]\" value=\"Autorizo os Bombeiros Volunt\u00e1rios de Guimar\u00e3es a utilizar estes dados para efeitos de angaria\u00e7\u00e3o de s\u00f3cios e marketing.\" aria-errormessage=\"wpforms-8516-field_3_1-error\" aria-describedby=\"wpforms-8516-field_3-description\" required ><label class=\"wpforms-field-label-inline\" for=\"wpforms-8516-field_3_1\">Autorizo os Bombeiros Volunt\u00e1rios de Guimar\u00e3es a utilizar estes dados para efeitos de angaria\u00e7\u00e3o de s\u00f3cios e marketing.<\/label><\/li><\/ul><div id=\"wpforms-8516-field_3-description\" class=\"wpforms-field-description\">De acordo com a nossa <a href=\"https:\/\/www.bv-guimaraes.org\/site\/politica-de-privacidade\/\">Pol\u00edtica de Privacidade<\/a> a informa\u00e7\u00e3o acima n\u00e3o ser\u00e1 cedida a terceiros e servir\u00e1 somente para os efeitos descritos acima.<\/div><\/fieldset><\/div><\/div><!-- .wpforms-field-container --><div class=\"wpforms-submit-container\" ><input type=\"hidden\" name=\"wpforms[id]\" value=\"8516\"><input type=\"hidden\" name=\"page_title\" value=\"\"><input type=\"hidden\" name=\"page_url\" value=\"https:\/\/www.bv-guimaraes.org\/site\/wp-json\/wp\/v2\/pages\/2179\"><input type=\"hidden\" name=\"url_referer\" value=\"\"><button type=\"submit\" name=\"wpforms[submit]\" id=\"wpforms-submit-8516\" class=\"wpforms-submit\" data-alt-text=\"A enviar...\" data-submit-text=\"Submeter\" aria-live=\"assertive\" value=\"wpforms-submit\">Submeter<\/button><img loading=\"lazy\" decoding=\"async\" src=\"https:\/\/www.bv-guimaraes.org\/site\/wp-content\/plugins\/wpforms-lite\/assets\/images\/submit-spin.svg\" class=\"wpforms-submit-spinner\" style=\"display: none;\" width=\"26\" height=\"26\" alt=\"Loading\"><\/div><\/form><\/div>  <!-- .wpforms-container -->\n<p>________________________________________________<\/p>\n<p><span style=\"font-size: large;\">Associado efectivo Individual<\/span><br \/>\n<span style=\"font-size: normal;\">12,00\u20ac por ano<\/span><\/p>\n<p><span style=\"font-size: large;\">Associado efectivo&nbsp;Empresa<\/span><br \/>\n<span style=\"font-size: normal;\">m\u00ednimo 120,00\u20ac por ano<\/span><\/p>\n<p><strong>As cotas poder\u00e3o ser pagas anualmente ou trimestralmente.<\/strong><\/p>\n","protected":false},"excerpt":{"rendered":"<p>________________________________________________ Associado efectivo Individual 12,00\u20ac por ano Associado efectivo&nbsp;Empresa m\u00ednimo 120,00\u20ac por ano As cotas poder\u00e3o ser pagas anualmente ou trimestralmente.<\/p>\n","protected":false},"author":5,"featured_media":0,"parent":0,"menu_order":2,"comment_status":"closed","ping_status":"closed","template":"","meta":{"ngg_post_thumbnail":0,"footnotes":""},"class_list":["post-2179","page","type-page","status-publish","hentry"],"_links":{"self":[{"href":"https:\/\/www.bv-guimaraes.org\/site\/wp-json\/wp\/v2\/pages\/2179","targetHints":{"allow":["GET"]}}],"collection":[{"href":"https:\/\/www.bv-guimaraes.org\/site\/wp-json\/wp\/v2\/pages"}],"about":[{"href":"https:\/\/www.bv-guimaraes.org\/site\/wp-json\/wp\/v2\/types\/page"}],"author":[{"embeddable":true,"href":"https:\/\/www.bv-guimaraes.org\/site\/wp-json\/wp\/v2\/users\/5"}],"replies":[{"embeddable":true,"href":"https:\/\/www.bv-guimaraes.org\/site\/wp-json\/wp\/v2\/comments?post=2179"}],"version-history":[{"count":30,"href":"https:\/\/www.bv-guimaraes.org\/site\/wp-json\/wp\/v2\/pages\/2179\/revisions"}],"predecessor-version":[{"id":8524,"href":"https:\/\/www.bv-guimaraes.org\/site\/wp-json\/wp\/v2\/pages\/2179\/revisions\/8524"}],"wp:attachment":[{"href":"https:\/\/www.bv-guimaraes.org\/site\/wp-json\/wp\/v2\/media?parent=2179"}],"curies":[{"name":"wp","href":"https:\/\/api.w.org\/{rel}","templated":true}]}}