{"id":2181,"date":"2010-01-22T13:48:33","date_gmt":"2010-01-22T13:48:33","guid":{"rendered":"http:\/\/www.bv-guimaraes.org\/site\/?page_id=2181"},"modified":"2023-05-20T11:41:51","modified_gmt":"2023-05-20T10:41:51","slug":"beneficios-para-os-associados","status":"publish","type":"page","link":"https:\/\/www.bv-guimaraes.org\/site\/beneficios-para-os-associados\/","title":{"rendered":"Benef\u00edcios para os Associados"},"content":{"rendered":"<p><a href=\"http:\/\/www.bv-guimaraes.org\/site\/wp-content\/uploads\/post.png\" data-rel=\"lightbox-gallery-BOsPYwbF\" data-rl_title=\"\" data-rl_caption=\"\" title=\"\"><img loading=\"lazy\" decoding=\"async\" class=\"size-medium wp-image-7479 aligncenter\" src=\"http:\/\/www.bv-guimaraes.org\/site\/wp-content\/uploads\/post-300x300.png\" alt=\"post\" width=\"300\" height=\"300\" srcset=\"https:\/\/www.bv-guimaraes.org\/site\/wp-content\/uploads\/post-300x300.png 300w, https:\/\/www.bv-guimaraes.org\/site\/wp-content\/uploads\/post-150x150.png 150w, https:\/\/www.bv-guimaraes.org\/site\/wp-content\/uploads\/post.png 1000w\" sizes=\"auto, (max-width: 300px) 100vw, 300px\" \/><\/a><\/p>\n<p>Ao ser s\u00f3cio desta associa\u00e7\u00e3o estar\u00e1 a contribuir de uma forma simb\u00f3lica e c\u00f3moda para a manuten\u00e7\u00e3o de um conjunto de meios humanos e materiais que protegem durante todo o ano, 24h por dia.<\/p>\n<p>A quota para um associado efectivo individual \u00e9 de apenas 12\u20ac por ano. Al\u00e9m disso, a Associa\u00e7\u00e3o proporciona a todos os associados o acesso direito a descontos em servi\u00e7os prestados e vantagens resultantes da celebra\u00e7\u00e3o de parcerias entre a Associa\u00e7\u00e3o e os mais diversas entidades.<\/p>\n<p><strong>Parcerias:<\/strong><\/p>\n<p><strong>1 &#8211; Cl\u00ednica de Reabilita\u00e7\u00e3o Horizonte<\/strong>\u00a0&#8211; 25% de descontos nas consultas de especialidade e tratamento, excepto psicologia e psiquiatria.<\/p>\n<p><strong>2 &#8211; Cl\u00ednica Dent\u00e1ria Dr. Manuel Lu\u00eds Freitas<\/strong>\u00a0&#8211; 20% de desconto nos servi\u00e7os m\u00e9dico-dent\u00e1rios<\/p>\n<p><strong>3 &#8211; Vit\u00f3ria Sport Clube\u00a0<\/strong>&#8211; 10% de desconto nas piscinas<\/p>\n<p><strong>4 &#8211; Psiguima<\/strong>\u00a0&#8211; Desconto de 5\u20ac em consultas de Psicologia Cl\u00ednica, Terapia da Fala e terapia Ocupacional. Desconto de 10\u20ac em exames Psicol\u00f3gicos para condutores Grupo I, Grupo II, Avalia\u00e7\u00e3o da capacidade e Instrutores e Examinadores.<\/p>\n<p><strong>5 &#8211; Oftalmocenter (Cl\u00ednica M\u00e9dica)<\/strong>\u00a0&#8211; 10% de desconto nos servi\u00e7os<\/p>\n<p><strong>6 &#8211; Jorge Oculista<\/strong>\u00a0&#8211; Servi\u00e7os gratuitos em consultas de Optometria e Contactologia. Desconto de 20 % em \u00f3culos graduados, lentes oft\u00e1lmicas e \u00f3culos de sol.<\/p>\n<p><strong>7 &#8211; Psicoavalia ( Avalia\u00e7\u00e3o e Psicologia Interven\u00e7\u00e3o)<\/strong>\u00a0&#8211; Desconto de 15% em consultas de Psicologia, consulta de terapia da fala e avalia\u00e7\u00e3o psicol\u00f3gica de condutores.<\/p>\n<p><strong>8 &#8211; Centro \u00d3ptico Olhart<\/strong>\u00a0&#8211; 30% de descontos em lentes oft\u00e1lmicas e arma\u00e7\u00f5es. \u00a0Desconto de 20% em \u00f3culos de sol. Desconto de 15% em lentes de contacto e produtos de conserva\u00e7\u00e3o das mesmas. \u00a0Consultas de Optometria\/Contactologia gratuitas efectuadas por Optometristas licenciados. Oferta do 1\u00ba par de lentes de contacto. Oferta seguran\u00e7a\/garantia durante 1 ano.<\/p>\n<p><strong>9 &#8211; Gabinete de Psicologia Cl\u00ednica nos Bombeiros Volunt\u00e1rios de Guimar\u00e3es<\/strong>\u00a0&#8211; Pre\u00e7os acess\u00edveis para s\u00f3cios. Dr\u00aa Anabela Cardoso &#8211; Avalia\u00e7\u00e3o e Interven\u00e7\u00e3o Psicol\u00f3gica na Crian\u00e7a e no Adolescente, Avalia\u00e7\u00e3o Psicol\u00f3gica do Adulto e Psicoterapia individual, Avalia\u00e7\u00e3o Neuropsicol\u00f3gica e Psicoterapia de Apoio ao Idoso.<\/p>\n<p><strong>10 &#8211; Vis\u00e3o +<\/strong>\u00a0&#8211;\u00a0<span style=\"color: #1d2129;\">20% de Desconto em \u00d3culos de Sol;\u00a0<\/span><span style=\"color: #1d2129;\">30% \u00d3culos Graduados;\u00a0<\/span><span class=\"text_exposed_show\" style=\"color: #1d2129;\">20% em Arma\u00e7\u00f5es; 20% Em Lentes Oft\u00e1lmicas; \u00a0Garantia de 3 anos nos tratamentos das lentes Oft\u00e1lmicas;\u00a0Consultas de Optometria\/Contactologia Gratuitas.<\/span><\/p>\n<p><strong>11 &#8211; C<\/strong><span style=\"color: #1d2129;\"><strong>l\u00ednica Dent\u00e1ria Dr. Manuel Lu\u00eds Freitas &#8211;\u00a0<\/strong>\u00a0concede aos associados dos Bombeiros de Guimar\u00e3es um desconto de 20% sobre os pre\u00e7os de tabela.<\/span><\/p>\n<p><strong>12 &#8211; Eiras Cabeleireiros &#8211;\u00a0\u00a0<\/strong>situa-se na loja Okto store na rua C\u00f3nego dr. Manuel Faria. Em Azurem. Para bombeiros e restantes colaboradores dos Bombeiros volunt\u00e1rios de Guimar\u00e3es o corte masculino+lavagem+styling fica a por 5\u20ac. Para s\u00f3cios dos Bombeiros volunt\u00e1rios de Guimar\u00e3es corte masculino+lavagem+styling f<span class=\"text_exposed_show\">ica por 8\u20ac, dos quais 1 \u20ac reverte a favor dos bombeiros de Guimar\u00e3es.<\/span><\/p>\n<div class=\"text_exposed_show\" style=\"color: #1d2129;\">\n<p>Para usufruir destes descontos basta ir devidamente identificado!<\/p>\n<\/div>\n<p>Os Associados da Associa\u00e7\u00e3o Humanit\u00e1ria dos Bombeiros Volunt\u00e1rios de Guimar\u00e3es, com mais de 6 meses de ou mais de efectividade e com a quotiza\u00e7\u00e3o em dia, beneficiam de um desconto de 50% sobre o valor dos servi\u00e7os prestados (transporte de doentes, aberturas de porta, abastecimento de \u00e1gua, etc), desde que a mesma aconte\u00e7a dentro do conselho de Guimar\u00e3es.<\/p>\n<p>O desconto aplicado aos Associados AHBVG \u00e9 extensiva aos seus descendentes menores de 18 anos que se encontrem ao seu cargo.<\/p>\n<p><strong>Preencha a sua ficha de inscri\u00e7\u00e3o e fa\u00e7a parte do nosso universo de associados!<\/strong><\/p>\n<p><a href=\"http:\/\/www.bv-guimaraes.org\/socio\/\">FICHA DE INSCRI\u00c7\u00c3O<\/a><\/p>\n<p>&nbsp;<\/p>\n","protected":false},"excerpt":{"rendered":"<p>Ao ser s\u00f3cio desta associa\u00e7\u00e3o estar\u00e1 a contribuir de uma forma simb\u00f3lica e c\u00f3moda para a manuten\u00e7\u00e3o de um conjunto de meios humanos e materiais que protegem durante todo o ano, 24h por dia. A quota para um associado efectivo<\/p>\n","protected":false},"author":5,"featured_media":0,"parent":0,"menu_order":3,"comment_status":"closed","ping_status":"closed","template":"","meta":{"ngg_post_thumbnail":0,"footnotes":""},"class_list":["post-2181","page","type-page","status-publish","hentry"],"_links":{"self":[{"href":"https:\/\/www.bv-guimaraes.org\/site\/wp-json\/wp\/v2\/pages\/2181","targetHints":{"allow":["GET"]}}],"collection":[{"href":"https:\/\/www.bv-guimaraes.org\/site\/wp-json\/wp\/v2\/pages"}],"about":[{"href":"https:\/\/www.bv-guimaraes.org\/site\/wp-json\/wp\/v2\/types\/page"}],"author":[{"embeddable":true,"href":"https:\/\/www.bv-guimaraes.org\/site\/wp-json\/wp\/v2\/users\/5"}],"replies":[{"embeddable":true,"href":"https:\/\/www.bv-guimaraes.org\/site\/wp-json\/wp\/v2\/comments?post=2181"}],"version-history":[{"count":77,"href":"https:\/\/www.bv-guimaraes.org\/site\/wp-json\/wp\/v2\/pages\/2181\/revisions"}],"predecessor-version":[{"id":8514,"href":"https:\/\/www.bv-guimaraes.org\/site\/wp-json\/wp\/v2\/pages\/2181\/revisions\/8514"}],"wp:attachment":[{"href":"https:\/\/www.bv-guimaraes.org\/site\/wp-json\/wp\/v2\/media?parent=2181"}],"curies":[{"name":"wp","href":"https:\/\/api.w.org\/{rel}","templated":true}]}}