{"id":24,"date":"2009-02-06T18:20:37","date_gmt":"2009-02-06T18:20:37","guid":{"rendered":"http:\/\/localhost\/bombeiros\/?page_id=24"},"modified":"2019-02-01T08:35:33","modified_gmt":"2019-02-01T08:35:33","slug":"missao","status":"publish","type":"page","link":"https:\/\/www.bv-guimaraes.org\/site\/institucional\/missao\/","title":{"rendered":"Miss\u00e3o"},"content":{"rendered":"<p style=\"text-align: justify;\"><a href=\"http:\/\/www.bv-guimaraes.org\/site\/wp-content\/uploads\/quartel.jpg\" data-rel=\"lightbox-gallery-zuErTpsv\" data-rl_title=\"\" data-rl_caption=\"\"><img loading=\"lazy\" decoding=\"async\" class=\"size-full wp-image-187 aligncenter\" title=\"\" src=\"http:\/\/www.bv-guimaraes.org\/site\/wp-content\/uploads\/quartel.jpg\" alt=\"quartel\" width=\"600\" height=\"400\" srcset=\"https:\/\/www.bv-guimaraes.org\/site\/wp-content\/uploads\/quartel.jpg 600w, https:\/\/www.bv-guimaraes.org\/site\/wp-content\/uploads\/quartel-300x200.jpg 300w\" sizes=\"auto, (max-width: 600px) 100vw, 600px\" \/><\/a><br \/>\nA Associa\u00e7\u00e3o Humanit\u00e1ria dos Bombeiros Volunt\u00e1rios de Guimar\u00e3es tem como principal miss\u00e3o a protec\u00e7\u00e3o de pessoas e bens, designadamente o socorro a feridos, doentes, n\u00e1ufragos e a extin\u00e7\u00e3o de inc\u00eandios, detendo e mantendo em actividade, para o efeito, um corpo de bombeiros (volunt\u00e1rios ou misto), com observ\u00e2ncia do definido no regime jur\u00eddico dos corpos de bombeiros.<\/p>\n<p>&nbsp;<\/p>\n","protected":false},"excerpt":{"rendered":"<p>A Associa\u00e7\u00e3o Humanit\u00e1ria dos Bombeiros Volunt\u00e1rios de Guimar\u00e3es tem como principal miss\u00e3o a protec\u00e7\u00e3o de pessoas e bens, designadamente o socorro a feridos, doentes, n\u00e1ufragos e a extin\u00e7\u00e3o de inc\u00eandios, detendo e mantendo em actividade, para o efeito, um corpo<\/p>\n","protected":false},"author":24,"featured_media":0,"parent":2,"menu_order":0,"comment_status":"closed","ping_status":"closed","template":"","meta":{"ngg_post_thumbnail":0,"footnotes":""},"class_list":["post-24","page","type-page","status-publish","hentry"],"_links":{"self":[{"href":"https:\/\/www.bv-guimaraes.org\/site\/wp-json\/wp\/v2\/pages\/24","targetHints":{"allow":["GET"]}}],"collection":[{"href":"https:\/\/www.bv-guimaraes.org\/site\/wp-json\/wp\/v2\/pages"}],"about":[{"href":"https:\/\/www.bv-guimaraes.org\/site\/wp-json\/wp\/v2\/types\/page"}],"author":[{"embeddable":true,"href":"https:\/\/www.bv-guimaraes.org\/site\/wp-json\/wp\/v2\/users\/24"}],"replies":[{"embeddable":true,"href":"https:\/\/www.bv-guimaraes.org\/site\/wp-json\/wp\/v2\/comments?post=24"}],"version-history":[{"count":6,"href":"https:\/\/www.bv-guimaraes.org\/site\/wp-json\/wp\/v2\/pages\/24\/revisions"}],"predecessor-version":[{"id":8128,"href":"https:\/\/www.bv-guimaraes.org\/site\/wp-json\/wp\/v2\/pages\/24\/revisions\/8128"}],"up":[{"embeddable":true,"href":"https:\/\/www.bv-guimaraes.org\/site\/wp-json\/wp\/v2\/pages\/2"}],"wp:attachment":[{"href":"https:\/\/www.bv-guimaraes.org\/site\/wp-json\/wp\/v2\/media?parent=24"}],"curies":[{"name":"wp","href":"https:\/\/api.w.org\/{rel}","templated":true}]}}