{"id":2861,"date":"2010-02-28T04:05:28","date_gmt":"2010-02-28T04:05:28","guid":{"rendered":"http:\/\/www.bv-guimaraes.org\/site\/?page_id=2861"},"modified":"2019-12-03T17:09:02","modified_gmt":"2019-12-03T17:09:02","slug":"area-de-actuacao","status":"publish","type":"page","link":"https:\/\/www.bv-guimaraes.org\/site\/operacional\/area-de-actuacao\/","title":{"rendered":"\u00c1rea de Actua\u00e7\u00e3o"},"content":{"rendered":"<p style=\"text-align: justify;\">Os Bombeiros Volunt\u00e1rios de Guimar\u00e3es t\u00eam como \u00c1rea de Actua\u00e7\u00e3o Pr\u00f3pria (AAP) cerca de 60% dos 242,85 km\u00b2 que comp\u00f5e o concelho de Guimar\u00e3es, sendo o restante da responsabilidade dos Bombeiros Volunt\u00e1rios das Taipas.<\/p>\n<p style=\"text-align: justify;\">Neste momento fazem parte da AAP as seguintes freguesias do concelho de Guimar\u00e3es:<br \/>\nAz\u00farem, <a href=\"http:\/\/oliveiradocastelo.com\/\" target=\"_blank\" rel=\"noopener noreferrer\">Oliveira do Castelo<\/a>, S. Paio, S. Sebasti\u00e3o, <a href=\"http:\/\/www.freg-selhoslourenco.pt\" target=\"_blank\" rel=\"noopener noreferrer\">Selho S. Louren\u00e7o<\/a>, <a href=\"http:\/\/jf-storcato.com\/\" target=\"_blank\" rel=\"noopener noreferrer\">S. Torcato<\/a>, <a href=\"http:\/\/www.rendufe.pt\/\" target=\"_blank\" rel=\"noopener noreferrer\">Rendufe<\/a>, <a href=\"http:\/\/www.acgonca.org\/Freguesia\/\" target=\"_blank\" rel=\"noopener noreferrer\">Gon\u00e7a<\/a>, <a href=\"http:\/\/www.freg-arosa.com\" target=\"_blank\" rel=\"noopener noreferrer\">Arosa<\/a>, Castel\u00f5es, <a href=\"http:\/\/www.freguesiadefermentoes.com\" target=\"_blank\" rel=\"noopener noreferrer\">Ferment\u00f5es<\/a>, <a href=\"http:\/\/www.freg-penselo.com\" target=\"_blank\" rel=\"noopener noreferrer\">Penselo<\/a>, <a href=\"http:\/\/freg-brito.com\/\" target=\"_blank\" rel=\"noopener noreferrer\">Brito<\/a>, <a href=\"http:\/\/www.jf-ronfe.pt\/\" target=\"_blank\" rel=\"noopener noreferrer\">Ronfe<\/a>, <a href=\"http:\/\/vermil.net\/\" target=\"_blank\" rel=\"noopener noreferrer\">Vermil<\/a>, <a href=\"http:\/\/jf-airaosjoao.com\/\" target=\"_blank\" rel=\"noopener noreferrer\">Air\u00e3o S. Jo\u00e3o<\/a>, <a href=\"http:\/\/airaosantamaria.com\/\" target=\"_blank\" rel=\"noopener noreferrer\">Air\u00e3o Santa Maria<\/a>, <a href=\"http:\/\/www.freg-silvares.com\" target=\"_blank\" rel=\"noopener noreferrer\">Silvares<\/a>, Selho S. Jorge, Selho S. Cristov\u00e3o, <a href=\"http:\/\/freg-gondar.com\/\" target=\"_blank\" rel=\"noopener noreferrer\">Gondar<\/a>, Candoso S. Martinho, <a href=\"http:\/\/www.freg-candososantiago.com\" target=\"_blank\" rel=\"noopener noreferrer\">Candoso S. Tiago<\/a>, <a href=\"ttp:\/\/jf-creixomil.com\/\" target=\"_blank\" rel=\"noopener noreferrer\">Creixomil<\/a>, <a href=\"http:\/\/www.mascotelos.pt\/\" target=\"_blank\" rel=\"noopener noreferrer\">Mascotelos<\/a>, <a href=\"http:\/\/www.jf-polvoreira.com\/\" target=\"_blank\" rel=\"noopener noreferrer\">Polvoreira<\/a>, <a href=\"http:\/\/freg-tabuadelo.com\/\" target=\"_blank\" rel=\"noopener noreferrer\">Tabuadelo<\/a>, Calvos, Pinheiro, <a href=\"http:\/\/www.freg-gemeos.com\" target=\"_blank\" rel=\"noopener noreferrer\">G\u00e9meos<\/a>, Aba\u00e7\u00e3o, <a href=\"http:\/\/www.juntafcosta.pt\/\" target=\"_blank\" rel=\"noopener noreferrer\">Costa<\/a>, Mes\u00e3o Frio, Infantas, At\u00e3es, <a href=\"http:\/\/www.freg-gominhaes.com\" target=\"_blank\" rel=\"noopener noreferrer\">Gominh\u00e3es<\/a>, <a href=\"http:\/\/www.jf-serzedo.pt\/\" target=\"_blank\" rel=\"noopener noreferrer\">Serzedo<\/a> e Ald\u00e3o.<\/p>\n<p style=\"text-align: justify;\">No entanto as freguesias de <a href=\"http:\/\/jf-moreiradeconegos.com\/\" target=\"_blank\" rel=\"noopener noreferrer\">Moreira de C\u00f3negos<\/a>, <a href=\"http:\/\/www.jf-lordelo.pt\/\" target=\"_blank\" rel=\"noopener noreferrer\">Lordelo<\/a>, Gandarela, Guardizela, Conde S. Martinho, <a href=\"http:\/\/www.nespereira.freguesias.pt\/\" target=\"_blank\" rel=\"noopener noreferrer\">Nespereira<\/a> e <a href=\"http:\/\/freg-serzedelogmr.com\/\" target=\"_blank\" rel=\"noopener noreferrer\">Serzedelo<\/a> s\u00e3o socorridas pelos Bombeiros Volunt\u00e1rios de Vizela e Bombeiros Volunt\u00e1rios de Riba D\u00b4Ave gra\u00e7as a um acordo estabelecido pelos Bombeiros Volunt\u00e1rios de Guimar\u00e3es.<\/p>\n<p style=\"text-align: center;\"><a href=\"http:\/\/www.bv-guimaraes.org\/site\/wp-content\/uploads\/GMR_mapa_freguesias.jpg\" data-rel=\"lightbox-gallery-yJvTuJ3s\" data-rl_title=\"\" data-rl_caption=\"\"><img loading=\"lazy\" decoding=\"async\" class=\"aligncenter size-full wp-image-2865\" title=\"\" src=\"http:\/\/www.bv-guimaraes.org\/site\/wp-content\/uploads\/GMR_mapa_freguesias.jpg\" alt=\"\" width=\"596\" height=\"623\"\/><\/a><\/p>\n","protected":false},"excerpt":{"rendered":"<p>Os Bombeiros Volunt\u00e1rios de Guimar\u00e3es t\u00eam como \u00c1rea de Actua\u00e7\u00e3o Pr\u00f3pria (AAP) cerca de 60% dos 242,85 km\u00b2 que comp\u00f5e o concelho de Guimar\u00e3es, sendo o restante da responsabilidade dos Bombeiros Volunt\u00e1rios das Taipas. Neste momento fazem parte da AAP<\/p>\n","protected":false},"author":5,"featured_media":0,"parent":32,"menu_order":4,"comment_status":"closed","ping_status":"closed","template":"","meta":{"ngg_post_thumbnail":0,"footnotes":""},"class_list":["post-2861","page","type-page","status-publish","hentry"],"_links":{"self":[{"href":"https:\/\/www.bv-guimaraes.org\/site\/wp-json\/wp\/v2\/pages\/2861","targetHints":{"allow":["GET"]}}],"collection":[{"href":"https:\/\/www.bv-guimaraes.org\/site\/wp-json\/wp\/v2\/pages"}],"about":[{"href":"https:\/\/www.bv-guimaraes.org\/site\/wp-json\/wp\/v2\/types\/page"}],"author":[{"embeddable":true,"href":"https:\/\/www.bv-guimaraes.org\/site\/wp-json\/wp\/v2\/users\/5"}],"replies":[{"embeddable":true,"href":"https:\/\/www.bv-guimaraes.org\/site\/wp-json\/wp\/v2\/comments?post=2861"}],"version-history":[{"count":9,"href":"https:\/\/www.bv-guimaraes.org\/site\/wp-json\/wp\/v2\/pages\/2861\/revisions"}],"predecessor-version":[{"id":8285,"href":"https:\/\/www.bv-guimaraes.org\/site\/wp-json\/wp\/v2\/pages\/2861\/revisions\/8285"}],"up":[{"embeddable":true,"href":"https:\/\/www.bv-guimaraes.org\/site\/wp-json\/wp\/v2\/pages\/32"}],"wp:attachment":[{"href":"https:\/\/www.bv-guimaraes.org\/site\/wp-json\/wp\/v2\/media?parent=2861"}],"curies":[{"name":"wp","href":"https:\/\/api.w.org\/{rel}","templated":true}]}}