{"id":3255,"date":"2010-04-01T18:50:58","date_gmt":"2010-04-01T18:50:58","guid":{"rendered":"http:\/\/www.bv-guimaraes.org\/site\/?page_id=3255"},"modified":"2021-04-07T09:46:15","modified_gmt":"2021-04-07T08:46:15","slug":"orgaos-sociais-2","status":"publish","type":"page","link":"https:\/\/www.bv-guimaraes.org\/site\/institucional\/orgaos-sociais-2\/","title":{"rendered":"Org\u00e3os Sociais"},"content":{"rendered":"<blockquote>\n<p style=\"text-align: center;\"><span style=\"font-size: large;\">TRI\u00c9NIO 2021 &#8211; 2023<\/span><\/p>\n<\/blockquote>\n<p style=\"text-align: center;\"><span style=\"font-size: large;\">\u00a0<\/span><\/p>\n<table border=\"0\" width=\"600\" cellspacing=\"0\" cellpadding=\"0\">\n<tbody>\n<tr>\n<td colspan=\"5\" align=\"center\"><span style=\"font-size: large;\">Assembleia Geral<\/span><\/td>\n<\/tr>\n<tr>\n<td align=\"left\"><span style=\"color: #ffffff;\"> .<\/span><\/td>\n<td align=\"left\"><\/td>\n<td align=\"left\"><\/td>\n<\/tr>\n<tr>\n<th align=\"left\">Presidente<\/th>\n<td align=\"left\">Carlos Manuel Amaral de Vasconcelos<\/td>\n<td align=\"center\">3283<\/td>\n<\/tr>\n<tr>\n<th align=\"left\">Vice &#8211; Presidente<\/th>\n<td align=\"left\">Fernando Miguel Machado Pereira da Silva Ara\u00fajo<\/td>\n<td align=\"center\">5992<\/td>\n<\/tr>\n<tr>\n<th align=\"left\">Secret\u00e1rio<\/th>\n<td align=\"left\">Maria da Gra\u00e7a de Sousa Carvalho<\/td>\n<td align=\"center\">4858<\/td>\n<\/tr>\n<tr>\n<td align=\"left\"><span style=\"color: #ffffff;\"> .<\/span><\/td>\n<td align=\"left\"><\/td>\n<td align=\"left\"><\/td>\n<\/tr>\n<tr>\n<td align=\"left\"><span style=\"color: #ffffff;\"> .<\/span><\/td>\n<td align=\"left\"><\/td>\n<td align=\"left\"><\/td>\n<\/tr>\n<tr>\n<td colspan=\"5\" align=\"center\"><span style=\"font-size: large;\">Dire\u00e7\u00e3o<\/span><\/td>\n<\/tr>\n<tr>\n<td align=\"left\"><span style=\"color: #ffffff;\"> .<\/span><\/td>\n<td align=\"left\"><\/td>\n<td align=\"left\"><\/td>\n<\/tr>\n<tr>\n<th align=\"left\">Presidente<\/th>\n<td align=\"left\">Jo\u00e3o Pedro de Oliveira Martins Castro<\/td>\n<td align=\"center\">3782<\/td>\n<\/tr>\n<tr>\n<th align=\"left\">Vice &#8211; Presidente<\/th>\n<td align=\"left\">Firmino Areias Carneiro<\/td>\n<td align=\"center\">1737<\/td>\n<\/tr>\n<tr>\n<th align=\"left\">Tesoureiro<\/th>\n<td align=\"left\">Armando Jorge Oliveira Ribeiro<\/td>\n<td align=\"center\">3801<\/td>\n<\/tr>\n<tr>\n<th align=\"left\">Secret\u00e1rio<\/th>\n<td align=\"left\">Jos\u00e9 Augusto Gon\u00e7alves da Cunha<\/td>\n<td align=\"center\">561<\/td>\n<\/tr>\n<tr>\n<th align=\"left\">Vogal<\/th>\n<td align=\"left\">Manuel Eduardo Pereira Mendes<\/td>\n<td align=\"center\">6178<\/td>\n<\/tr>\n<tr>\n<td align=\"left\"><span style=\"color: #ffffff;\"> .<\/span><\/td>\n<td align=\"left\"><\/td>\n<td align=\"left\"><\/td>\n<\/tr>\n<tr>\n<td align=\"left\"><span style=\"color: #ffffff;\"> .<\/span><\/td>\n<td align=\"left\"><\/td>\n<td align=\"left\"><\/td>\n<\/tr>\n<tr>\n<td colspan=\"5\" align=\"center\"><span style=\"font-size: large;\">Suplentes da Dire\u00e7\u00e3o<br \/>\n<\/span><\/td>\n<\/tr>\n<tr>\n<td align=\"left\"><span style=\"color: #ffffff;\">.<\/span><\/td>\n<td align=\"left\"><\/td>\n<td align=\"left\"><\/td>\n<\/tr>\n<tr>\n<th align=\"left\">Vice &#8211; Presidente<\/th>\n<td align=\"left\">Rui Manuel Martins Mour\u00e3o<\/td>\n<td align=\"center\">2206<\/td>\n<\/tr>\n<tr>\n<th align=\"left\">Tesoureiro<\/th>\n<td align=\"left\">Maria de F\u00e1tima Vilela Oliveira<\/td>\n<td align=\"center\">5527<\/td>\n<\/tr>\n<tr>\n<th align=\"left\">Secret\u00e1rio<\/th>\n<td align=\"left\">Jos\u00e9 Lu\u00eds Trepa Ramos de Viamonte da Silveira<\/td>\n<td align=\"center\">1508<\/td>\n<\/tr>\n<tr>\n<th align=\"left\">Vogal<\/th>\n<td align=\"left\">Nuno Alexandre Coelho Martins Ara\u00fajo<\/td>\n<td align=\"center\">3798<\/td>\n<\/tr>\n<tr>\n<td align=\"left\"><span style=\"color: #ffffff;\"> .<\/span><\/td>\n<td align=\"left\"><\/td>\n<td align=\"left\"><\/td>\n<\/tr>\n<tr>\n<td align=\"left\"><span style=\"color: #ffffff;\">.<\/span><\/td>\n<td align=\"left\"><\/td>\n<td align=\"left\"><\/td>\n<\/tr>\n<tr>\n<td colspan=\"5\" align=\"center\"><span style=\"font-size: large;\">Conselho Fiscal<\/span><\/td>\n<\/tr>\n<tr>\n<td align=\"left\"><span style=\"color: #ffffff;\"> .<\/span><\/td>\n<td align=\"left\"><\/td>\n<td align=\"left\"><\/td>\n<\/tr>\n<tr>\n<th align=\"left\">Presidente<\/th>\n<td align=\"left\">Ricardo Jos\u00e9 da Silva Almeida<\/td>\n<td align=\"center\">3437<\/td>\n<\/tr>\n<tr>\n<th align=\"left\">Secret\u00e1rio<\/th>\n<td align=\"left\">Paula Cristina Pereira Machado<\/td>\n<td align=\"center\">4415<\/td>\n<\/tr>\n<tr>\n<th align=\"left\">Relator<\/th>\n<td align=\"left\">M\u00e1rio Luiz Santos<\/td>\n<td align=\"center\">3256<\/td>\n<\/tr>\n<tr>\n<td align=\"left\"><span style=\"color: #ffffff;\"> .<\/span><\/td>\n<td align=\"left\"><\/td>\n<td align=\"left\"><\/td>\n<\/tr>\n<tr>\n<td align=\"left\"><span style=\"color: #ffffff;\"> .<\/span><\/td>\n<td align=\"left\"><\/td>\n<td align=\"left\"><\/td>\n<\/tr>\n<tr>\n<td colspan=\"5\" align=\"center\"><span style=\"font-size: large;\">Suplentes do Conselho Fiscal<\/span><\/td>\n<\/tr>\n<tr>\n<td align=\"left\"><span style=\"color: #ffffff;\">.<\/span><\/td>\n<td align=\"left\"><\/td>\n<td align=\"left\"><\/td>\n<\/tr>\n<tr>\n<th align=\"left\">Secret\u00e1rio<\/th>\n<td align=\"left\">Paula Cristina Pereira Gon\u00e7alves<\/td>\n<td align=\"center\">3756<\/td>\n<\/tr>\n<tr>\n<th align=\"left\">Relator<\/th>\n<td align=\"left\">Ant\u00f3nio da Silva Fernandes<\/td>\n<td align=\"center\">4211<\/td>\n<\/tr>\n<\/tbody>\n<\/table>\n","protected":false},"excerpt":{"rendered":"<p>TRI\u00c9NIO 2021 &#8211; 2023 \u00a0 Assembleia Geral . Presidente Carlos Manuel Amaral de Vasconcelos 3283 Vice &#8211; Presidente Fernando Miguel Machado Pereira da Silva Ara\u00fajo 5992 Secret\u00e1rio Maria da Gra\u00e7a de Sousa Carvalho 4858 . . Dire\u00e7\u00e3o . Presidente Jo\u00e3o<\/p>\n","protected":false},"author":5,"featured_media":0,"parent":2,"menu_order":2,"comment_status":"closed","ping_status":"closed","template":"","meta":{"ngg_post_thumbnail":0,"footnotes":""},"class_list":["post-3255","page","type-page","status-publish","hentry"],"_links":{"self":[{"href":"https:\/\/www.bv-guimaraes.org\/site\/wp-json\/wp\/v2\/pages\/3255","targetHints":{"allow":["GET"]}}],"collection":[{"href":"https:\/\/www.bv-guimaraes.org\/site\/wp-json\/wp\/v2\/pages"}],"about":[{"href":"https:\/\/www.bv-guimaraes.org\/site\/wp-json\/wp\/v2\/types\/page"}],"author":[{"embeddable":true,"href":"https:\/\/www.bv-guimaraes.org\/site\/wp-json\/wp\/v2\/users\/5"}],"replies":[{"embeddable":true,"href":"https:\/\/www.bv-guimaraes.org\/site\/wp-json\/wp\/v2\/comments?post=3255"}],"version-history":[{"count":27,"href":"https:\/\/www.bv-guimaraes.org\/site\/wp-json\/wp\/v2\/pages\/3255\/revisions"}],"predecessor-version":[{"id":8383,"href":"https:\/\/www.bv-guimaraes.org\/site\/wp-json\/wp\/v2\/pages\/3255\/revisions\/8383"}],"up":[{"embeddable":true,"href":"https:\/\/www.bv-guimaraes.org\/site\/wp-json\/wp\/v2\/pages\/2"}],"wp:attachment":[{"href":"https:\/\/www.bv-guimaraes.org\/site\/wp-json\/wp\/v2\/media?parent=3255"}],"curies":[{"name":"wp","href":"https:\/\/api.w.org\/{rel}","templated":true}]}}