{"id":327,"date":"2009-02-27T09:13:46","date_gmt":"2009-02-27T09:13:46","guid":{"rendered":"http:\/\/www.bv-guimaraes.org\/site\/?page_id=327"},"modified":"2019-12-03T17:13:17","modified_gmt":"2019-12-03T17:13:17","slug":"contactos-uteis","status":"publish","type":"page","link":"https:\/\/www.bv-guimaraes.org\/site\/contactos\/contactos-uteis\/","title":{"rendered":"Contactos \u00fateis"},"content":{"rendered":"<p><img loading=\"lazy\" decoding=\"async\" class=\"aligncenter size-full wp-image-618\" title=\"contactos\" src=\"http:\/\/www.bv-guimaraes.org\/site\/wp-content\/uploads\/contactos.jpg\" alt=\"contactos\" width=\"590\" height=\"150\"\/><\/p>\n<p><strong>Bombeiros<\/strong><br \/>\nCaldas das Taipas | 253 576 114 |<\/p>\n<p><strong>Camara Municipal de Guimar\u00e3es<\/strong><br \/>\n| 253 421 200&nbsp; |<\/p>\n<p><strong>Centros de Sa\u00fade<\/strong><br \/>\nCaldas das Taipas | 253 479 750 |<br \/>\nGuimar\u00e3es | 253 421 340 |<br \/>\nRonfe | 253 540 180 |<\/p>\n<p><strong>Guarda Nacional Republicana<br \/>\n<\/strong>Guimar\u00e3es | 253 422 570 \/ 5 |<br \/>\nCaldas das Taipas | 253 576 117 |<br \/>\nLordelo | 252941115 |<\/p>\n<p><strong>Hospital Guimar\u00e3es<\/strong><br \/>\n| 253 515 040 |<\/p>\n<p><strong>Pol\u00edcia Municipal<br \/>\n<\/strong>| 253421222 |<strong><br \/>\n<\/strong><\/p>\n<p><strong>Pol\u00edcia de Seguran\u00e7a P\u00fablica<\/strong><br \/>\nGuimar\u00e3es | 253 513 334<\/p>\n","protected":false},"excerpt":{"rendered":"<p>Bombeiros Caldas das Taipas | 253 576 114 | Camara Municipal de Guimar\u00e3es | 253 421 200&nbsp; | Centros de Sa\u00fade Caldas das Taipas | 253 479 750 | Guimar\u00e3es | 253 421 340 | Ronfe | 253 540 180<\/p>\n","protected":false},"author":24,"featured_media":0,"parent":48,"menu_order":0,"comment_status":"closed","ping_status":"closed","template":"","meta":{"ngg_post_thumbnail":0,"footnotes":""},"class_list":["post-327","page","type-page","status-publish","hentry"],"_links":{"self":[{"href":"https:\/\/www.bv-guimaraes.org\/site\/wp-json\/wp\/v2\/pages\/327","targetHints":{"allow":["GET"]}}],"collection":[{"href":"https:\/\/www.bv-guimaraes.org\/site\/wp-json\/wp\/v2\/pages"}],"about":[{"href":"https:\/\/www.bv-guimaraes.org\/site\/wp-json\/wp\/v2\/types\/page"}],"author":[{"embeddable":true,"href":"https:\/\/www.bv-guimaraes.org\/site\/wp-json\/wp\/v2\/users\/24"}],"replies":[{"embeddable":true,"href":"https:\/\/www.bv-guimaraes.org\/site\/wp-json\/wp\/v2\/comments?post=327"}],"version-history":[{"count":3,"href":"https:\/\/www.bv-guimaraes.org\/site\/wp-json\/wp\/v2\/pages\/327\/revisions"}],"predecessor-version":[{"id":8258,"href":"https:\/\/www.bv-guimaraes.org\/site\/wp-json\/wp\/v2\/pages\/327\/revisions\/8258"}],"up":[{"embeddable":true,"href":"https:\/\/www.bv-guimaraes.org\/site\/wp-json\/wp\/v2\/pages\/48"}],"wp:attachment":[{"href":"https:\/\/www.bv-guimaraes.org\/site\/wp-json\/wp\/v2\/media?parent=327"}],"curies":[{"name":"wp","href":"https:\/\/api.w.org\/{rel}","templated":true}]}}