{"id":3446,"date":"2010-05-22T18:21:45","date_gmt":"2010-05-22T18:21:45","guid":{"rendered":"http:\/\/www.bv-guimaraes.org\/site\/?page_id=3446"},"modified":"2019-12-03T17:11:28","modified_gmt":"2019-12-03T17:11:28","slug":"os-bombeiros-aconselham","status":"publish","type":"page","link":"https:\/\/www.bv-guimaraes.org\/site\/saiba-como-agir\/os-bombeiros-aconselham\/","title":{"rendered":"Os bombeiros aconselham&#8230;"},"content":{"rendered":"<p style=\"text-align: center;\"><img loading=\"lazy\" decoding=\"async\" class=\"aligncenter size-full wp-image-1939\" title=\"sinal-de-alerta\" src=\"http:\/\/www.bv-guimaraes.org\/site\/wp-content\/uploads\/sinal-de-alerta.jpg\" alt=\"\" width=\"167\" height=\"167\" srcset=\"https:\/\/www.bv-guimaraes.org\/site\/wp-content\/uploads\/sinal-de-alerta.jpg 310w, https:\/\/www.bv-guimaraes.org\/site\/wp-content\/uploads\/sinal-de-alerta-150x150.jpg 150w, https:\/\/www.bv-guimaraes.org\/site\/wp-content\/uploads\/sinal-de-alerta-300x300.jpg 300w\" sizes=\"auto, (max-width: 167px) 100vw, 167px\" \/><\/p>\n<table border=\"0\">\n<tbody>\n<tr>\n<td><a href=\"http:\/\/www.bv-guimaraes.org\/site\/os-bombeiros-aconselham\/\" target=\"_self\" rel=\"noopener noreferrer\"><img loading=\"lazy\" decoding=\"async\" class=\"aligncenter size-full wp-image-3367\" title=\"explorar\" src=\"http:\/\/www.bv-guimaraes.org\/site\/wp-content\/uploads\/explorar.png\" alt=\"\" width=\"30\" height=\"30\"\/><\/a><\/td>\n<td>&nbsp;<\/td>\n<td>&nbsp;<\/td>\n<td valign=\"middle\"><span style=\"color: navy; font-size: small;\">Utiliza\u00e7\u00e3o de aquecimento nas habita\u00e7\u00f5es<\/span><\/td>\n<\/tr>\n<tr>\n<td><a href=\"http:\/\/www.bv-guimaraes.org\/site\/os-bombeiros-aconselham-2\/\" target=\"_self\" rel=\"noopener noreferrer\"><img loading=\"lazy\" decoding=\"async\" class=\"aligncenter size-full wp-image-3367\" title=\"explorar\" src=\"http:\/\/www.bv-guimaraes.org\/site\/wp-content\/uploads\/explorar.png\" alt=\"\" width=\"30\" height=\"30\"\/><\/a><\/td>\n<td>&nbsp;<\/td>\n<td>&nbsp;<\/td>\n<td valign=\"middle\"><span style=\"color: navy; font-size: small;\">Evitar atropelamentos<\/span><\/td>\n<\/tr>\n<tr>\n<td><a href=\"http:\/\/www.bv-guimaraes.org\/site\/os-bombeiros-aconselham-3\/\" target=\"_self\" rel=\"noopener noreferrer\"><img loading=\"lazy\" decoding=\"async\" class=\"aligncenter size-full wp-image-3367\" title=\"explorar\" src=\"http:\/\/www.bv-guimaraes.org\/site\/wp-content\/uploads\/explorar.png\" alt=\"\" width=\"30\" height=\"30\"\/><\/a><\/td>\n<td>&nbsp;<\/td>\n<td>&nbsp;<\/td>\n<td valign=\"middle\"><span style=\"color: navy; font-size: small;\">Condu\u00e7\u00e3o com as primeiras chuvas<br \/>\n<\/span><\/td>\n<\/tr>\n<tr>\n<td><a href=\"http:\/\/www.bv-guimaraes.org\/site\/lareira-acesa-mas-em-seguranca\/\" target=\"_self\" rel=\"noopener noreferrer\"><img loading=\"lazy\" decoding=\"async\" class=\"aligncenter size-full wp-image-3367\" title=\"explorar\" src=\"http:\/\/www.bv-guimaraes.org\/site\/wp-content\/uploads\/explorar.png\" alt=\"\" width=\"30\" height=\"30\"\/><\/a><\/td>\n<td>&nbsp;<\/td>\n<td>&nbsp;<\/td>\n<td valign=\"middle\"><span style=\"color: navy; font-size: small;\">Lareira acesa mas em seguran\u00e7a<br \/>\n<\/span><\/td>\n<\/tr>\n<\/tbody>\n<\/table>\n","protected":false},"excerpt":{"rendered":"<p>&nbsp; &nbsp; Utiliza\u00e7\u00e3o de aquecimento nas habita\u00e7\u00f5es &nbsp; &nbsp; Evitar atropelamentos &nbsp; &nbsp; Condu\u00e7\u00e3o com as primeiras chuvas &nbsp; &nbsp; Lareira acesa mas em seguran\u00e7a<\/p>\n","protected":false},"author":5,"featured_media":0,"parent":1889,"menu_order":1,"comment_status":"closed","ping_status":"closed","template":"","meta":{"ngg_post_thumbnail":0,"footnotes":""},"class_list":["post-3446","page","type-page","status-publish","hentry"],"_links":{"self":[{"href":"https:\/\/www.bv-guimaraes.org\/site\/wp-json\/wp\/v2\/pages\/3446","targetHints":{"allow":["GET"]}}],"collection":[{"href":"https:\/\/www.bv-guimaraes.org\/site\/wp-json\/wp\/v2\/pages"}],"about":[{"href":"https:\/\/www.bv-guimaraes.org\/site\/wp-json\/wp\/v2\/types\/page"}],"author":[{"embeddable":true,"href":"https:\/\/www.bv-guimaraes.org\/site\/wp-json\/wp\/v2\/users\/5"}],"replies":[{"embeddable":true,"href":"https:\/\/www.bv-guimaraes.org\/site\/wp-json\/wp\/v2\/comments?post=3446"}],"version-history":[{"count":9,"href":"https:\/\/www.bv-guimaraes.org\/site\/wp-json\/wp\/v2\/pages\/3446\/revisions"}],"predecessor-version":[{"id":8294,"href":"https:\/\/www.bv-guimaraes.org\/site\/wp-json\/wp\/v2\/pages\/3446\/revisions\/8294"}],"up":[{"embeddable":true,"href":"https:\/\/www.bv-guimaraes.org\/site\/wp-json\/wp\/v2\/pages\/1889"}],"wp:attachment":[{"href":"https:\/\/www.bv-guimaraes.org\/site\/wp-json\/wp\/v2\/media?parent=3446"}],"curies":[{"name":"wp","href":"https:\/\/api.w.org\/{rel}","templated":true}]}}