{"id":38,"date":"2009-02-06T18:22:37","date_gmt":"2009-02-06T18:22:37","guid":{"rendered":"http:\/\/localhost\/bombeiros\/?page_id=38"},"modified":"2019-02-05T10:49:58","modified_gmt":"2019-02-05T10:49:58","slug":"formacao","status":"publish","type":"page","link":"https:\/\/www.bv-guimaraes.org\/site\/operacional\/formacao\/","title":{"rendered":"Forma\u00e7\u00e3o"},"content":{"rendered":"<p><a href=\"http:\/\/www.bv-guimaraes.org\/site\/wp-content\/uploads\/logo-enb1.jpg\" data-rel=\"lightbox-gallery-7ARQglYc\" data-rl_title=\"\" data-rl_caption=\"\"><img loading=\"lazy\" decoding=\"async\" class=\"size-full wp-image-390 alignright\" title=\"\" src=\"http:\/\/www.bv-guimaraes.org\/site\/wp-content\/uploads\/logo-enb1.jpg\" alt=\"logo-enb1\" width=\"106\" height=\"163\" srcset=\"https:\/\/www.bv-guimaraes.org\/site\/wp-content\/uploads\/logo-enb1.jpg 270w, https:\/\/www.bv-guimaraes.org\/site\/wp-content\/uploads\/logo-enb1-196x300.jpg 196w\" sizes=\"auto, (max-width: 106px) 100vw, 106px\" \/><\/a><\/p>\n<p>Numa sociedade em constante mudan\u00e7a, cada vez mais informada e, por isso, tamb\u00e9m cada vez mais exigente, em que os Bombeiros, participam activamente e tem vindo a assumir um crescente papel de destaque no socorro \u00e0 popula\u00e7\u00e3o, essa mesma sociedade exige-lhes que sejam verdadeiros profissionais no desempenho das miss\u00f5es que lhe s\u00e3o confiadas.<\/p>\n<p>Assim, a forma\u00e7\u00e3o tem sido, a par da aquisi\u00e7\u00e3o de equipamento de protec\u00e7\u00e3o individual, a grande aposta do Comando desta Corpora\u00e7\u00e3o. Anualmente elaboramos os diversos planos de instru\u00e7\u00e3o, cont\u00ednua e de acesso \u00e0 carreira de bombeiro, de forma a dotar todos os elementos deste corpo de bombeiros de forma\u00e7\u00e3o e treino de forma a aumentar a capacidade de resposta a todas as solicita\u00e7\u00f5es.<\/p>\n<p>Nos Bombeiros Volunt\u00e1rios de Guimar\u00e3es possu\u00edmos tamb\u00e9m temos um leque de formadores certificados pela Escola Nacional de Bombeiros (ENB) nas \u00e1reas de T\u00e9cnicas de Socorrismo (T.S.), T\u00e9cnicas de Desencarceramento (T.S.D.) e Salvamento em Grande \u00c2ngulo (S.G.A.), Telecomunica\u00e7\u00f5es e Condu\u00e7\u00e3o Fora de Estrada, que para al\u00e9m dos cursos que ministram noutras Corpora\u00e7\u00f5es, formam os bombeiros deste Corpo Activo nas respectivas \u00e1reas de forma\u00e7\u00e3o.<\/p>\n<p>Neste sentido adoptamos o lema da Escola Nacional de Bombeiros, \u201cSaber para Servir\u201d, pois esta \u00e9 a forma mais eficaz de responder \u00e0s solicita\u00e7\u00f5es de socorro cada vez mais exigentes.<\/p>\n<p>&nbsp;<\/p>\n","protected":false},"excerpt":{"rendered":"<p>Numa sociedade em constante mudan\u00e7a, cada vez mais informada e, por isso, tamb\u00e9m cada vez mais exigente, em que os Bombeiros, participam activamente e tem vindo a assumir um crescente papel de destaque no socorro \u00e0 popula\u00e7\u00e3o, essa mesma sociedade<\/p>\n","protected":false},"author":24,"featured_media":0,"parent":32,"menu_order":0,"comment_status":"closed","ping_status":"closed","template":"","meta":{"ngg_post_thumbnail":0,"footnotes":""},"class_list":["post-38","page","type-page","status-publish","hentry"],"_links":{"self":[{"href":"https:\/\/www.bv-guimaraes.org\/site\/wp-json\/wp\/v2\/pages\/38","targetHints":{"allow":["GET"]}}],"collection":[{"href":"https:\/\/www.bv-guimaraes.org\/site\/wp-json\/wp\/v2\/pages"}],"about":[{"href":"https:\/\/www.bv-guimaraes.org\/site\/wp-json\/wp\/v2\/types\/page"}],"author":[{"embeddable":true,"href":"https:\/\/www.bv-guimaraes.org\/site\/wp-json\/wp\/v2\/users\/24"}],"replies":[{"embeddable":true,"href":"https:\/\/www.bv-guimaraes.org\/site\/wp-json\/wp\/v2\/comments?post=38"}],"version-history":[{"count":13,"href":"https:\/\/www.bv-guimaraes.org\/site\/wp-json\/wp\/v2\/pages\/38\/revisions"}],"predecessor-version":[{"id":8155,"href":"https:\/\/www.bv-guimaraes.org\/site\/wp-json\/wp\/v2\/pages\/38\/revisions\/8155"}],"up":[{"embeddable":true,"href":"https:\/\/www.bv-guimaraes.org\/site\/wp-json\/wp\/v2\/pages\/32"}],"wp:attachment":[{"href":"https:\/\/www.bv-guimaraes.org\/site\/wp-json\/wp\/v2\/media?parent=38"}],"curies":[{"name":"wp","href":"https:\/\/api.w.org\/{rel}","templated":true}]}}