{"id":382,"date":"2009-02-27T18:48:28","date_gmt":"2009-02-27T18:48:28","guid":{"rendered":"http:\/\/www.bv-guimaraes.org\/site\/?page_id=382"},"modified":"2019-12-03T17:08:20","modified_gmt":"2019-12-03T17:08:20","slug":"tecnicas-de-socorrismo","status":"publish","type":"page","link":"https:\/\/www.bv-guimaraes.org\/site\/operacional\/formacao\/tecnicas-de-socorrismo\/","title":{"rendered":"T\u00e9cnicas de Socorrismo"},"content":{"rendered":"<p><a href=\"http:\/\/www.bv-guimaraes.org\/site\/wp-content\/uploads\/form_tat1.jpg\" data-rel=\"lightbox-gallery-3gNkz3xt\" data-rl_title=\"\" data-rl_caption=\"\"><img loading=\"lazy\" decoding=\"async\" class=\"alignright size-thumbnail wp-image-384\" title=\"\" src=\"http:\/\/www.bv-guimaraes.org\/site\/wp-content\/uploads\/form_tat1-150x150.jpg\" alt=\"form_tat1\" width=\"150\" height=\"150\"\/><\/a>Nos tempos que correm, cada vez mais a sociedade exige o direito de ser servida com a melhor qualidade e, a assist\u00eancia pr\u00e9-hospitalar n\u00e3o foge \u00e0 regra.<br \/>\nLonge, felizmente, vai o tempo em que os bombeiros chamados para acudir as popula\u00e7\u00f5es no socorro pr\u00e9-hospitalar (doen\u00e7a s\u00fabita, quedas e acidentes), iam muitas vezes sozinhos a conduzir a ambul\u00e2ncia e, para lidar com as situa\u00e7\u00f5es, era chegar, pegar e levar.<br \/>\nCom o avan\u00e7ar do tempo e o desenvolvimento das t\u00e9cnicas pr\u00e9-hospitalares, estas vem sendo consideradas cada vez mais importantes para a estabiliza\u00e7\u00e3o da v\u00edtima no local e mesmo durante o transporte.<br \/>\nEstudos provam que as taxas de sobreviv\u00eancia das v\u00edtimas de doen\u00e7a s\u00fabita e acidente s\u00e3o cada vez maiores gra\u00e7as \u00e1 devida assist\u00eancia pr\u00e9-hospitalar.<br \/>\nAssim sendo, reveste-se de vital import\u00e2ncia a quantidade e qualidade da forma\u00e7\u00e3o ministrada aos bombeiros que tripulam as ambul\u00e2ncias.<br \/>\nO corpo de bombeiros volunt\u00e1rios de Guimar\u00e3es, acompanhando esta evolu\u00e7\u00e3o, proporciona a forma\u00e7\u00e3o de base nesta \u00e1rea, a todos os seus elementos. Esta forma\u00e7\u00e3o consiste no curso de \u201cTripulantes de Ambul\u00e2ncia Transporte\u201d (TAT) que tem a dura\u00e7\u00e3o de 35 horas, ou o recentemente introduzido pela Escola Nacional de Bombeiros (ENB), T\u00e9cnicas de Socorrismo com a dura\u00e7\u00e3o de 50 horas.<br \/>\nEstes cursos servem tamb\u00e9m como \u201crampa de lan\u00e7amento\u201d para o pr\u00e9-hospitalar pois s\u00e3o um dos pr\u00e9-requisitos poder frequentar a forma\u00e7\u00e3o mais avan\u00e7ada, Tripulante de Ambul\u00e2ncia de Socorro (TAS). Na Nossa Corpora\u00e7\u00e3o contamos j\u00e1 com 5 elementos habilitados com esta forma\u00e7\u00e3o.<br \/>\nNo entanto, por vezes quando chegamos ao local do sinistro, ainda ouvimos alguns coment\u00e1rios do tipo, \u201cest\u00e3o a demorar tanto tempo aqui\u201d, \u201c\u00e9 levar j\u00e1 para o hospital\u201d mas \u00e9 certo que j\u00e1 s\u00e3o mais os coment\u00e1rios \u201cdeixem os bombeiros fazerem o seu trabalho\u201d, \u201cest\u00e3o a trabalhar bem\u201d.<br \/>\n\u00c8 ao ouvir estes coment\u00e1rios que ganhamos alento para sermos cada vez melhores e mais empenhados na assist\u00eancia pr\u00e9-hospitalar \u00e0s popula\u00e7\u00f5es<\/p>\n<p>Carlos Cecilio<\/p>\n<p>Bombeiro 2\u00aa Classe<br \/>\nFormador TAT Externo da Escola Nacional de Bombeiros<\/p>\n<p><a href=\"http:\/\/www.bv-guimaraes.org\/site\/wp-content\/uploads\/dsc00756-copy.jpg\" data-rel=\"lightbox-gallery-3gNkz3xt\" data-rl_title=\"\" data-rl_caption=\"\"><img loading=\"lazy\" decoding=\"async\" class=\"alignnone size-thumbnail wp-image-468\" title=\"\" src=\"http:\/\/www.bv-guimaraes.org\/site\/wp-content\/uploads\/dsc00756-copy-150x120.jpg\" alt=\"dsc00756-copy\" width=\"134\" height=\"107\"\/><\/a><a href=\"http:\/\/www.bv-guimaraes.org\/site\/wp-content\/uploads\/dsc00770-copy.jpg\" data-rel=\"lightbox-gallery-3gNkz3xt\" data-rl_title=\"\" data-rl_caption=\"\"><img loading=\"lazy\" decoding=\"async\" class=\"alignnone size-thumbnail wp-image-471\" title=\"\" src=\"http:\/\/www.bv-guimaraes.org\/site\/wp-content\/uploads\/dsc00770-copy-150x120.jpg\" alt=\"dsc00770-copy\" width=\"134\" height=\"107\"\/><\/a><a href=\"http:\/\/www.bv-guimaraes.org\/site\/wp-content\/uploads\/dsc00812-copy.jpg\" data-rel=\"lightbox-gallery-3gNkz3xt\" data-rl_title=\"\" data-rl_caption=\"\"><img loading=\"lazy\" decoding=\"async\" class=\"alignnone size-thumbnail wp-image-467\" title=\"\" src=\"http:\/\/www.bv-guimaraes.org\/site\/wp-content\/uploads\/dsc00812-copy-150x120.jpg\" alt=\"dsc00812-copy\" width=\"133\" height=\"107\"\/><\/a><a href=\"http:\/\/www.bv-guimaraes.org\/site\/wp-content\/uploads\/dsc00808-copy.jpg\" data-rel=\"lightbox-gallery-3gNkz3xt\" data-rl_title=\"\" data-rl_caption=\"\"><img loading=\"lazy\" decoding=\"async\" class=\"alignnone size-thumbnail wp-image-472\" title=\"\" src=\"http:\/\/www.bv-guimaraes.org\/site\/wp-content\/uploads\/dsc00808-copy-150x120.jpg\" alt=\"dsc00808-copy\" width=\"134\" height=\"107\"\/><\/a><\/p>\n","protected":false},"excerpt":{"rendered":"<p>Nos tempos que correm, cada vez mais a sociedade exige o direito de ser servida com a melhor qualidade e, a assist\u00eancia pr\u00e9-hospitalar n\u00e3o foge \u00e0 regra. Longe, felizmente, vai o tempo em que os bombeiros chamados para acudir as<\/p>\n","protected":false},"author":2,"featured_media":0,"parent":38,"menu_order":0,"comment_status":"closed","ping_status":"closed","template":"","meta":{"ngg_post_thumbnail":0,"footnotes":""},"class_list":["post-382","page","type-page","status-publish","hentry"],"_links":{"self":[{"href":"https:\/\/www.bv-guimaraes.org\/site\/wp-json\/wp\/v2\/pages\/382","targetHints":{"allow":["GET"]}}],"collection":[{"href":"https:\/\/www.bv-guimaraes.org\/site\/wp-json\/wp\/v2\/pages"}],"about":[{"href":"https:\/\/www.bv-guimaraes.org\/site\/wp-json\/wp\/v2\/types\/page"}],"author":[{"embeddable":true,"href":"https:\/\/www.bv-guimaraes.org\/site\/wp-json\/wp\/v2\/users\/2"}],"replies":[{"embeddable":true,"href":"https:\/\/www.bv-guimaraes.org\/site\/wp-json\/wp\/v2\/comments?post=382"}],"version-history":[{"count":8,"href":"https:\/\/www.bv-guimaraes.org\/site\/wp-json\/wp\/v2\/pages\/382\/revisions"}],"predecessor-version":[{"id":8277,"href":"https:\/\/www.bv-guimaraes.org\/site\/wp-json\/wp\/v2\/pages\/382\/revisions\/8277"}],"up":[{"embeddable":true,"href":"https:\/\/www.bv-guimaraes.org\/site\/wp-json\/wp\/v2\/pages\/38"}],"wp:attachment":[{"href":"https:\/\/www.bv-guimaraes.org\/site\/wp-json\/wp\/v2\/media?parent=382"}],"curies":[{"name":"wp","href":"https:\/\/api.w.org\/{rel}","templated":true}]}}