{"id":40,"date":"2009-02-06T18:22:55","date_gmt":"2009-02-06T18:22:55","guid":{"rendered":"http:\/\/localhost\/bombeiros\/?page_id=40"},"modified":"2019-02-05T10:51:05","modified_gmt":"2019-02-05T10:51:05","slug":"multimedia","status":"publish","type":"page","link":"https:\/\/www.bv-guimaraes.org\/site\/multimedia\/","title":{"rendered":"Multim\u00e9dia"},"content":{"rendered":"<p style=\"text-align: justify;\">Conhe\u00e7a melhor a Associa\u00e7\u00e3o Humanit\u00e1ria dos Bombeiros Volunt\u00e1rios de Guimar\u00e3es com uma completa de Galeria de Fotos e uma Galeria de V\u00eddeos.<\/p>\n","protected":false},"excerpt":{"rendered":"<p>Conhe\u00e7a melhor a Associa\u00e7\u00e3o Humanit\u00e1ria dos Bombeiros Volunt\u00e1rios de Guimar\u00e3es com uma completa de Galeria de Fotos e uma Galeria de V\u00eddeos.<\/p>\n","protected":false},"author":24,"featured_media":0,"parent":0,"menu_order":4,"comment_status":"closed","ping_status":"closed","template":"","meta":{"ngg_post_thumbnail":0,"footnotes":""},"class_list":["post-40","page","type-page","status-publish","hentry"],"_links":{"self":[{"href":"https:\/\/www.bv-guimaraes.org\/site\/wp-json\/wp\/v2\/pages\/40","targetHints":{"allow":["GET"]}}],"collection":[{"href":"https:\/\/www.bv-guimaraes.org\/site\/wp-json\/wp\/v2\/pages"}],"about":[{"href":"https:\/\/www.bv-guimaraes.org\/site\/wp-json\/wp\/v2\/types\/page"}],"author":[{"embeddable":true,"href":"https:\/\/www.bv-guimaraes.org\/site\/wp-json\/wp\/v2\/users\/24"}],"replies":[{"embeddable":true,"href":"https:\/\/www.bv-guimaraes.org\/site\/wp-json\/wp\/v2\/comments?post=40"}],"version-history":[{"count":3,"href":"https:\/\/www.bv-guimaraes.org\/site\/wp-json\/wp\/v2\/pages\/40\/revisions"}],"predecessor-version":[{"id":8156,"href":"https:\/\/www.bv-guimaraes.org\/site\/wp-json\/wp\/v2\/pages\/40\/revisions\/8156"}],"wp:attachment":[{"href":"https:\/\/www.bv-guimaraes.org\/site\/wp-json\/wp\/v2\/media?parent=40"}],"curies":[{"name":"wp","href":"https:\/\/api.w.org\/{rel}","templated":true}]}}