{"id":400,"date":"2009-02-27T19:24:22","date_gmt":"2009-02-27T19:24:22","guid":{"rendered":"http:\/\/www.bv-guimaraes.org\/site\/?page_id=400"},"modified":"2019-12-03T17:07:55","modified_gmt":"2019-12-03T17:07:55","slug":"salvamentos-em-grande-angulo","status":"publish","type":"page","link":"https:\/\/www.bv-guimaraes.org\/site\/operacional\/formacao\/salvamentos-em-grande-angulo\/","title":{"rendered":"Salvamentos em Grande \u00c2ngulo"},"content":{"rendered":"<p style=\"text-align: justify;\"><a href=\"http:\/\/www.bv-guimaraes.org\/site\/wp-content\/uploads\/form_sga1.jpg\" data-rel=\"lightbox-gallery-iwNLCiex\" data-rl_title=\"\" data-rl_caption=\"\"><img loading=\"lazy\" decoding=\"async\" class=\"alignright size-thumbnail wp-image-401\" title=\"\" src=\"http:\/\/www.bv-guimaraes.org\/site\/wp-content\/uploads\/form_sga1-150x150.jpg\" alt=\"form_sga1\" width=\"150\" height=\"150\"\/><\/a>A evolu\u00e7\u00e3o exponencial da sociedade implica a exist\u00eancia de numerosas estruturas verticais de grandes dimens\u00f5es. Surgem edifica\u00e7\u00f5es cada vez mais altas, h\u00e1 um elevado n\u00famero de ve\u00edculos estacionados na base dos edif\u00edcios, \u00e1rvores, mobili\u00e1rio urbano, etc., o que dificulta o salvamento com meios convencionais (manga de salvamento, escadas, auto-escadas e plataformas) tornando-o muitas vezes imposs\u00edvel.<\/p>\n<p>J\u00e1 no aspecto l\u00fadico, \u00e9 cada vez maior a oferta de desportos radicais (escalada, canyoning, rapel, etc), bem como outras estruturas de lazer (telef\u00e9ricos), onde a verticalidade aumenta os riscos e condiciona os salvamentos.<\/p>\n<p>O curso de Salvamento em Grande \u00c2ngulo, criado precisamente para fazer face a esta evolu\u00e7\u00e3o, baseado em t\u00e9cnicas de espeleologia e alpinismo, tem como objectivo a forma\u00e7\u00e3o de equipas de resgate com capacidade para aplicar t\u00e9cnicas de salvamento e auto-salvamento, designadamente em fachadas de edif\u00edcios de grande altura, ravinas, etc. Finalizado o curso, os formandos&nbsp; devem dar continuidade \u00e1s pr\u00e1ticas ministradas pois \u00e9 fundamental que se mantenham operacionais, sempre com um elevado esp\u00edrito de equipa, e em boa forma f\u00edsica. S\u00f3 com treino regular se podem manter n\u00edveis elevados de operacionalidade, fulcrais numa actividade onde a seguran\u00e7a n\u00e3o pode nunca ser menosprezada, j\u00e1 que, mais do que em qualquer outro tipo de salvamento, as nossas vidas bem como as das vitimas que teremos de salvar ou evacuar, est\u00e3o expostas a um risco permanente.<\/p>\n<p>O Salvamento em Grande \u00e2ngulo tem um longo caminho a percorrer no seio dos Corpos de Bombeiros, pois \u00e9 olhado ainda com algumas reservas e questionada a sua utilidade. Pois bem, a utilidade ser\u00e1 aquela que lhe quisermos dar, em Guimar\u00e3es \u00e9 cada vez mais frequente a utiliza\u00e7\u00e3o deste recurso nos mais diversos tipos de ocorr\u00eancias, tais como, o salvamento de animais e recupera\u00e7\u00e3o de vitimas em po\u00e7os, salvamento de pessoas em valas e arribas.<\/p>\n<p>A realiza\u00e7\u00e3o frequente de exerc\u00edcios e simulacros em contextos diversificados, seja no apoio a manobras de salvados em inc\u00eandios urbanos, salvamentos em arribas e no telef\u00e9rico de Guimar\u00e3es, tem sido o melhor meio de promover e derrubar, reservas e barreiras.<\/p>\n<p>Os Bombeiros devem adaptar-se \u00e0 constante evolu\u00e7\u00e3o e aperfei\u00e7oar as t\u00e9cnicas de socorro para dar resposta \u00e0s necessidades, cada vez maiores, da sociedade actual. Tudo isto, sempre, com a maior seguran\u00e7a, rapidez e efic\u00e1cia que tem de caracterizar qualquer actua\u00e7\u00e3o dos bombeiros.<br \/>\nAlberto Figueiredo<\/p>\n<p style=\"text-align: justify;\"><strong><em>Adjunto de Comando<\/em><\/strong><strong><br \/>\nFormador Externo da Escola Nacional de Bombeiros<\/strong><\/p>\n<p style=\"text-align: justify;\"><strong><a href=\"http:\/\/www.bv-guimaraes.org\/site\/wp-content\/uploads\/sga-7.jpg\" data-rel=\"lightbox-gallery-iwNLCiex\" data-rl_title=\"\" data-rl_caption=\"\"><img loading=\"lazy\" decoding=\"async\" class=\"alignnone size-thumbnail wp-image-479\" title=\"\" src=\"http:\/\/www.bv-guimaraes.org\/site\/wp-content\/uploads\/sga-7-150x120.jpg\" alt=\"sga-7\" width=\"134\" height=\"107\"\/><\/a><\/strong><strong><a href=\"http:\/\/www.bv-guimaraes.org\/site\/wp-content\/uploads\/salvamento-em-grande-angulo-135.jpg\" data-rel=\"lightbox-gallery-iwNLCiex\" data-rl_title=\"\" data-rl_caption=\"\"><img loading=\"lazy\" decoding=\"async\" class=\"alignnone size-thumbnail wp-image-478\" title=\"\" src=\"http:\/\/www.bv-guimaraes.org\/site\/wp-content\/uploads\/salvamento-em-grande-angulo-135-150x120.jpg\" alt=\"salvamento-em-grande-angulo-135\" width=\"135\" height=\"108\"\/><\/a><\/strong><strong><a href=\"http:\/\/www.bv-guimaraes.org\/site\/wp-content\/uploads\/12-05-05-011.jpg\" data-rel=\"lightbox-gallery-iwNLCiex\" data-rl_title=\"\" data-rl_caption=\"\"><img loading=\"lazy\" decoding=\"async\" class=\"alignnone size-thumbnail wp-image-476\" title=\"\" src=\"http:\/\/www.bv-guimaraes.org\/site\/wp-content\/uploads\/12-05-05-011-150x120.jpg\" alt=\"12-05-05-011\" width=\"137\" height=\"109\"\/><\/a><\/strong><strong><a href=\"http:\/\/www.bv-guimaraes.org\/site\/wp-content\/uploads\/hpim1953.jpg\" data-rel=\"lightbox-gallery-iwNLCiex\" data-rl_title=\"\" data-rl_caption=\"\"><img loading=\"lazy\" decoding=\"async\" class=\"alignnone size-thumbnail wp-image-477\" title=\"\" src=\"http:\/\/www.bv-guimaraes.org\/site\/wp-content\/uploads\/hpim1953-150x120.jpg\" alt=\"hpim1953\" width=\"138\" height=\"110\"\/><\/a><br \/>\n<\/strong><\/p>\n","protected":false},"excerpt":{"rendered":"<p>A evolu\u00e7\u00e3o exponencial da sociedade implica a exist\u00eancia de numerosas estruturas verticais de grandes dimens\u00f5es. Surgem edifica\u00e7\u00f5es cada vez mais altas, h\u00e1 um elevado n\u00famero de ve\u00edculos estacionados na base dos edif\u00edcios, \u00e1rvores, mobili\u00e1rio urbano, etc., o que dificulta o<\/p>\n","protected":false},"author":2,"featured_media":0,"parent":38,"menu_order":0,"comment_status":"closed","ping_status":"closed","template":"","meta":{"ngg_post_thumbnail":0,"footnotes":""},"class_list":["post-400","page","type-page","status-publish","hentry"],"_links":{"self":[{"href":"https:\/\/www.bv-guimaraes.org\/site\/wp-json\/wp\/v2\/pages\/400","targetHints":{"allow":["GET"]}}],"collection":[{"href":"https:\/\/www.bv-guimaraes.org\/site\/wp-json\/wp\/v2\/pages"}],"about":[{"href":"https:\/\/www.bv-guimaraes.org\/site\/wp-json\/wp\/v2\/types\/page"}],"author":[{"embeddable":true,"href":"https:\/\/www.bv-guimaraes.org\/site\/wp-json\/wp\/v2\/users\/2"}],"replies":[{"embeddable":true,"href":"https:\/\/www.bv-guimaraes.org\/site\/wp-json\/wp\/v2\/comments?post=400"}],"version-history":[{"count":6,"href":"https:\/\/www.bv-guimaraes.org\/site\/wp-json\/wp\/v2\/pages\/400\/revisions"}],"predecessor-version":[{"id":404,"href":"https:\/\/www.bv-guimaraes.org\/site\/wp-json\/wp\/v2\/pages\/400\/revisions\/404"}],"up":[{"embeddable":true,"href":"https:\/\/www.bv-guimaraes.org\/site\/wp-json\/wp\/v2\/pages\/38"}],"wp:attachment":[{"href":"https:\/\/www.bv-guimaraes.org\/site\/wp-json\/wp\/v2\/media?parent=400"}],"curies":[{"name":"wp","href":"https:\/\/api.w.org\/{rel}","templated":true}]}}