{"id":497,"date":"2009-02-28T00:59:37","date_gmt":"2009-02-28T00:59:37","guid":{"rendered":"http:\/\/www.bv-guimaraes.org\/site\/?page_id=497"},"modified":"2019-12-03T17:11:03","modified_gmt":"2019-12-03T17:11:03","slug":"historia","status":"publish","type":"page","link":"https:\/\/www.bv-guimaraes.org\/site\/multimedia\/galeria-de-videos\/historia\/","title":{"rendered":"130 Anos de Hist\u00f3ria"},"content":{"rendered":"<p style=\"text-align: center;\"><object data=\"http:\/\/rd3.videos.sapo.pt\/play?file=http:\/\/rd3.videos.sapo.pt\/y6HvM8iRPbz2FEusbPaD\/mov\/1\" type=\"application\/x-shockwave-flash\" width=\"400\" height=\"322\"><param name=\"src\" value=\"http:\/\/rd3.videos.sapo.pt\/play?file=http:\/\/rd3.videos.sapo.pt\/y6HvM8iRPbz2FEusbPaD\/mov\/1\"\/><param name=\"allowfullscreen\" value=\"true\"\/><\/object><\/p>\n<p style=\"text-align: center;\">130 Anos de Hist\u00f3ria dos Bombeiros Volunt\u00e1rios de Guimar\u00e3es<\/p>\n<p style=\"text-align: center;\">Mais videos:<a href=\"http:\/\/www.bv-guimaraes.org\/site\/multimedia\/galeria-de-videos\/vida-por-vida\/\">Vida por Vida<\/a> <a title=\"Viatura Inem\" href=\"http:\/\/www.bv-guimaraes.org\/site\/multimedia\/galeria-de-videos\/viatura-inem\/\">Viatura INEM<\/a> <a href=\"http:\/\/www.bv-guimaraes.org\/site\/multimedia\/galeria-de-videos\/simulacro-aniversario-132\/\">Simulacro no 132\u00ba anivers\u00e1rio<\/a><a title=\"Viatura Inem\" href=\"http:\/\/www.bv-guimaraes.org\/site\/multimedia\/galeria-de-videos\/viatura-inem\/\"><br \/>\n<\/a><\/p>\n<p style=\"text-align: center;\">&nbsp;<\/p>\n","protected":false},"excerpt":{"rendered":"<p>130 Anos de Hist\u00f3ria dos Bombeiros Volunt\u00e1rios de Guimar\u00e3es Mais videos:Vida por Vida Viatura INEM Simulacro no 132\u00ba anivers\u00e1rio &nbsp;<\/p>\n","protected":false},"author":24,"featured_media":0,"parent":44,"menu_order":0,"comment_status":"closed","ping_status":"closed","template":"","meta":{"ngg_post_thumbnail":0,"footnotes":""},"class_list":["post-497","page","type-page","status-publish","hentry"],"_links":{"self":[{"href":"https:\/\/www.bv-guimaraes.org\/site\/wp-json\/wp\/v2\/pages\/497","targetHints":{"allow":["GET"]}}],"collection":[{"href":"https:\/\/www.bv-guimaraes.org\/site\/wp-json\/wp\/v2\/pages"}],"about":[{"href":"https:\/\/www.bv-guimaraes.org\/site\/wp-json\/wp\/v2\/types\/page"}],"author":[{"embeddable":true,"href":"https:\/\/www.bv-guimaraes.org\/site\/wp-json\/wp\/v2\/users\/24"}],"replies":[{"embeddable":true,"href":"https:\/\/www.bv-guimaraes.org\/site\/wp-json\/wp\/v2\/comments?post=497"}],"version-history":[{"count":7,"href":"https:\/\/www.bv-guimaraes.org\/site\/wp-json\/wp\/v2\/pages\/497\/revisions"}],"predecessor-version":[{"id":8288,"href":"https:\/\/www.bv-guimaraes.org\/site\/wp-json\/wp\/v2\/pages\/497\/revisions\/8288"}],"up":[{"embeddable":true,"href":"https:\/\/www.bv-guimaraes.org\/site\/wp-json\/wp\/v2\/pages\/44"}],"wp:attachment":[{"href":"https:\/\/www.bv-guimaraes.org\/site\/wp-json\/wp\/v2\/media?parent=497"}],"curies":[{"name":"wp","href":"https:\/\/api.w.org\/{rel}","templated":true}]}}