{"id":53,"date":"2009-02-06T18:25:25","date_gmt":"2009-02-06T18:25:25","guid":{"rendered":"http:\/\/localhost\/bombeiros\/?page_id=53"},"modified":"2017-03-30T09:42:49","modified_gmt":"2017-03-30T09:42:49","slug":"vantagens","status":"publish","type":"page","link":"https:\/\/www.bv-guimaraes.org\/site\/vantagens\/","title":{"rendered":"Direitos e Deveres"},"content":{"rendered":"<p style=\"text-align: justify;\">Nos estatutos da Associa\u00e7\u00e3o Humanit\u00e1ria dos Bombeiros Volunt\u00e1rios de Guimar\u00e3es est\u00e3o consagrados quatro tipos de Associados.<\/p>\n<p style=\"text-align: justify;\">S\u00e3o elas:<\/p>\n<ul style=\"text-align: justify;\">\n<li>Associados efectivos as pessoas, singulares ou colectivas, de direito p\u00fablico ou privado, que contribuam para a prossecu\u00e7\u00e3o dos fins da Associa\u00e7\u00e3o mediante pagamento pontual de uma quota peri\u00f3dica e que, em tal qualidade venham a ser admitidos pela Direc\u00e7\u00e3o;<\/li>\n<li>Associados activos s\u00e3o por direito os efectivos que venham a ser admitidos no Quadro de Comando e no Quadro Activo do Corpo de Bombeiros da Associa\u00e7\u00e3o e somente enquanto permanecerem no mesmo, no gozo pleno dos respectivos direitos e obriga\u00e7\u00f5es;<\/li>\n<li>Associados benem\u00e9ritos as pessoas singulares ou colectivas, de direito p\u00fablico ou privado que, por contribui\u00e7\u00f5es importantes, com bens, sejam como tal consideradas por delibera\u00e7\u00e3o da Assembleia-geral sob proposta pr\u00e9via da Direc\u00e7\u00e3o;<\/li>\n<li>Associados honor\u00e1rios os pessoas, singulares ou colectivas, de direito p\u00fablico ou privado que, por servi\u00e7os relevantes prestados \u00e0 Associa\u00e7\u00e3o, directa ou indirectamente, mere\u00e7am, essa distin\u00e7\u00e3o por delibera\u00e7\u00e3o da Assembleia-geral e sob proposta pr\u00e9via da Direc\u00e7\u00e3o.<\/li>\n<\/ul>\n<p style=\"text-align: justify;\">Direitos os Associados (art.\u00ba 8\u00ba Sec\u00e7\u00e3o II, Cap\u00edtulo II)<\/p>\n<p style=\"text-align: justify;\">1. Os associados Efectivos, detentores de plena capacidade de exerc\u00edcio, gozam, para al\u00e9m dos que decorrem da lei geral, dos seguintes direitos:<\/p>\n<ul style=\"text-align: justify;\">\n<li>a) Usufruir, nas condi\u00e7\u00f5es regulamentarmente estabelecidas, das regalias concedidas pela Associa\u00e7\u00e3o, nos termos e condi\u00e7\u00f5es deliberados em Assembleia-geral sob proposta da Direc\u00e7\u00e3o;<\/li>\n<li>a) Participar nas reuni\u00f5es da Assembleia-geral, discutindo e votando todos os assuntos que a\u00ed forem tratados;<\/li>\n<li>b) Eleger e serem eleitos para qualquer cargo social;<\/li>\n<li>c) Examinar os livros, relat\u00f3rios e contas e demais documentos, desde que o requeiram, por escrito, com a anteced\u00eancia m\u00ednima de oito dias;<\/li>\n<li>d) Reclamar, perante o \u00f3rg\u00e3o social autor do acto que considerem contr\u00e1rio \u00e0 Lei, Estatutos ou Regulamentos.<\/li>\n<li>e) Recorrer, para o Tribunal competente, das delibera\u00e7\u00f5es da Assembleia-geral, que considerem contr\u00e1rias \u00e0 Lei, Estatutos ou Regulamentos;<\/li>\n<li>f) Requerer, por escrito, certid\u00e3o de qualquer acta dos \u00d3rg\u00e3os Sociais a que, legalmente, tenham direito;<\/li>\n<li>g) Propor a admiss\u00e3o de novos Associados Efectivos;<\/li>\n<li>h) Receber os Estatutos e Cart\u00e3o de Associado no acto da admiss\u00e3o;<\/li>\n<li>i) Desistir da qualidade de associado, o que deve ser requerido, por escrito, \u00e0 Direc\u00e7\u00e3o;<\/li>\n<\/ul>\n<p style=\"text-align: justify;\">2. Os associados s\u00f3 podem exercer os direitos referidos no n\u00famero anterior se tiverem pagas as quotas do trimestre anterior.<\/p>\n<p style=\"text-align: justify;\">3. Os Associados Efectivos que tenham sido admitidos h\u00e1 menos de seis meses, n\u00e3o gozam dos direitos referidos no n\u00ba.1 deste artigo com excep\u00e7\u00e3o dos previstos nas al\u00edneas i) e j).<\/p>\n<p style=\"text-align: justify;\">Deveres dos Associados (art.\u00ba 9\u00ba Sec\u00e7\u00e3o II, Cap\u00edtulo II) S\u00e3o deveres dos associados efectivos, detentores de plena capacidade de exerc\u00edcio, al\u00e9m de outros previstos na lei geral:<\/p>\n<ul style=\"text-align: justify;\">\n<li>a) Honrar a Associa\u00e7\u00e3o em todas as circunst\u00e2ncias e contribuir quanto poss\u00edvel para o seu prest\u00edgio;<\/li>\n<li>b) Observar, cumprir e fazer cumprir as disposi\u00e7\u00f5es legais, estatut\u00e1rias e regulamentares;<\/li>\n<li>c) Acatar as delibera\u00e7\u00f5es dos \u00d3rg\u00e3os Sociais legitimamente tomadas;<\/li>\n<li>d) Exercer com dedica\u00e7\u00e3o, zelo e efici\u00eancia os cargos sociais para que foram eleitos ou nomeados, salvo pedido de escusa por doen\u00e7a ou outro motivo atend\u00edvel, apresentado ao Presidente da Mesa da Assembleia-geral e por esta considerado justificado;<\/li>\n<li>e) N\u00e3o cessar a actividade nos cargos sociais sem pr\u00e9via participa\u00e7\u00e3o fundamentada e por escrito ao Presidente da Mesa da Assembleia-geral;<\/li>\n<li>f) Zelar pelos interesses da Associa\u00e7\u00e3o, comunicando por escrito \u00e0 Direc\u00e7\u00e3o quaisquer irregularidades de que tenham conhecimento;<\/li>\n<li>g) Pagar pontualmente a quota fixada;<\/li>\n<li>h) Comparecer \u00e0s Assembleias-gerais cuja convoca\u00e7\u00e3o tenham requerido;<\/li>\n<li>i) Comunicar por escrito \u00e0 Direc\u00e7\u00e3o o local de pagamento das quotas e qualquer situa\u00e7\u00e3o que altere os seus elementos de identifica\u00e7\u00e3o, designadamente a mudan\u00e7a de resid\u00eancia;<\/li>\n<li>j) Tratar com respeito e urbanidade a Associa\u00e7\u00e3o, as suas Ins\u00edgnias, \u00f3rg\u00e3os sociais, respectivos titulares, comando, bombeiros, colaboradores da Associa\u00e7\u00e3o e todos com quem, na qualidade de associado, se relacione.<\/li>\n<\/ul>\n<p style=\"text-align: center;\"><span style=\"color: navy; font-size: large;\">Ajude-nos para que quando precise o possamos Ajudar<\/span> <span style=\"color: navy; font-size: large;\">Associe-se!<\/span><\/p>\n<p style=\"text-align: center;\"><a href=\"http:\/\/www.bv-guimaraes.org\/site\/wp-content\/uploads\/Proposta-de-s\u00f3cio.pdf\" target=\"_blank\"><img loading=\"lazy\" decoding=\"async\" class=\"aligncenter wp-image-7736 size-thumbnail\" title=\"simbolo\" src=\"http:\/\/www.bv-guimaraes.org\/site\/wp-content\/uploads\/perfil1-150x150.png\" alt=\"perfil\" width=\"150\" height=\"150\" srcset=\"https:\/\/www.bv-guimaraes.org\/site\/wp-content\/uploads\/perfil1-150x150.png 150w, https:\/\/www.bv-guimaraes.org\/site\/wp-content\/uploads\/perfil1-300x300.png 300w, https:\/\/www.bv-guimaraes.org\/site\/wp-content\/uploads\/perfil1.png 787w\" sizes=\"auto, (max-width: 150px) 100vw, 150px\" \/><\/a><\/p>\n<p style=\"text-align: center;\"><strong>Instru\u00e7\u00f5es:<\/strong> Efectue o download da proposta de s\u00f3cio (clique na imagem em cima), preencha com os dados correspondentes e entregue-a juntamente com uma fotografia na Secretaria da Dire\u00e7\u00e3o em hor\u00e1rio de expediente. Pode ainda remeta-la via CTT, juntamente com uma foto e um cheque no valor de 12\u20ac \u00e0 ordem da Associa\u00e7\u00e3o Humanit\u00e1ria dos Bombeiros Volunt\u00e1rios de Guimar\u00e3es e enviar para: <strong>Associa\u00e7\u00e3o Humanit\u00e1ria dos Bombeiros Volunt\u00e1rios de Guimar\u00e3es<\/strong> <strong> Rua Teixeira Pascoais &#8211; Apartado 161<\/strong> <strong> 4801-910 Guimar\u00e3es<\/strong><\/p>\n","protected":false},"excerpt":{"rendered":"<p>Nos estatutos da Associa\u00e7\u00e3o Humanit\u00e1ria dos Bombeiros Volunt\u00e1rios de Guimar\u00e3es est\u00e3o consagrados quatro tipos de Associados. S\u00e3o elas: Associados efectivos as pessoas, singulares ou colectivas, de direito p\u00fablico ou privado, que contribuam para a prossecu\u00e7\u00e3o dos fins da Associa\u00e7\u00e3o mediante<\/p>\n","protected":false},"author":24,"featured_media":0,"parent":0,"menu_order":0,"comment_status":"closed","ping_status":"closed","template":"","meta":{"ngg_post_thumbnail":0,"footnotes":""},"class_list":["post-53","page","type-page","status-publish","hentry"],"_links":{"self":[{"href":"https:\/\/www.bv-guimaraes.org\/site\/wp-json\/wp\/v2\/pages\/53","targetHints":{"allow":["GET"]}}],"collection":[{"href":"https:\/\/www.bv-guimaraes.org\/site\/wp-json\/wp\/v2\/pages"}],"about":[{"href":"https:\/\/www.bv-guimaraes.org\/site\/wp-json\/wp\/v2\/types\/page"}],"author":[{"embeddable":true,"href":"https:\/\/www.bv-guimaraes.org\/site\/wp-json\/wp\/v2\/users\/24"}],"replies":[{"embeddable":true,"href":"https:\/\/www.bv-guimaraes.org\/site\/wp-json\/wp\/v2\/comments?post=53"}],"version-history":[{"count":9,"href":"https:\/\/www.bv-guimaraes.org\/site\/wp-json\/wp\/v2\/pages\/53\/revisions"}],"predecessor-version":[{"id":7742,"href":"https:\/\/www.bv-guimaraes.org\/site\/wp-json\/wp\/v2\/pages\/53\/revisions\/7742"}],"wp:attachment":[{"href":"https:\/\/www.bv-guimaraes.org\/site\/wp-json\/wp\/v2\/media?parent=53"}],"curies":[{"name":"wp","href":"https:\/\/api.w.org\/{rel}","templated":true}]}}