{"id":7371,"date":"2016-08-03T11:34:06","date_gmt":"2016-08-03T11:34:06","guid":{"rendered":"http:\/\/www.bv-guimaraes.org\/site\/?page_id=7371"},"modified":"2019-12-03T17:08:49","modified_gmt":"2019-12-03T17:08:49","slug":"veiculos-de-posto-de-comando","status":"publish","type":"page","link":"https:\/\/www.bv-guimaraes.org\/site\/operacional\/viaturas\/veiculos-de-posto-de-comando\/","title":{"rendered":"Ve\u00edculos de Posto de Comando"},"content":{"rendered":"<p><span style=\"font-size: large;\">VCOT 01<\/span><br \/>\n<span style=\"font-size: small;\">Ve\u00edculo Comando e Opera\u00e7\u00f5es T\u00e1cticas<\/span><\/p>\n<p>&nbsp;<\/p>\n<p><a href=\"http:\/\/www.bv-guimaraes.org\/site\/wp-content\/uploads\/VCOT-01-BVG.jpg\" data-rel=\"lightbox-gallery-KU0pRBz9\" data-rl_title=\"\" data-rl_caption=\"\" title=\"\"><img loading=\"lazy\" decoding=\"async\" class=\"wp-image-1848 size-full aligncenter\" src=\"http:\/\/www.bv-guimaraes.org\/site\/wp-content\/uploads\/VCOT-01-BVG.jpg\" alt=\"VCOT 01 - BVG\" width=\"600\" height=\"400\" srcset=\"https:\/\/www.bv-guimaraes.org\/site\/wp-content\/uploads\/VCOT-01-BVG.jpg 600w, https:\/\/www.bv-guimaraes.org\/site\/wp-content\/uploads\/VCOT-01-BVG-300x200.jpg 300w\" sizes=\"auto, (max-width: 600px) 100vw, 600px\" \/><\/a><\/p>\n<p><span style=\"font-size: large;\">VCOT 02<\/span><br \/>\n<span style=\"font-size: small;\">Ve\u00edculo Comando e Opera\u00e7\u00f5es T\u00e1cticas<\/span><\/p>\n<p><a href=\"http:\/\/www.bv-guimaraes.org\/site\/wp-content\/uploads\/VCOT-02-BVG.jpg\" data-rel=\"lightbox-gallery-KU0pRBz9\" data-rl_title=\"\" data-rl_caption=\"\" title=\"\"><img loading=\"lazy\" decoding=\"async\" class=\"wp-image-1849 size-full aligncenter\" src=\"http:\/\/www.bv-guimaraes.org\/site\/wp-content\/uploads\/VCOT-02-BVG.jpg\" alt=\"VCOT 02 - BVG\" width=\"600\" height=\"400\" srcset=\"https:\/\/www.bv-guimaraes.org\/site\/wp-content\/uploads\/VCOT-02-BVG.jpg 600w, https:\/\/www.bv-guimaraes.org\/site\/wp-content\/uploads\/VCOT-02-BVG-300x200.jpg 300w\" sizes=\"auto, (max-width: 600px) 100vw, 600px\" \/><\/a><\/p>\n","protected":false},"excerpt":{"rendered":"<p>VCOT 01 Ve\u00edculo Comando e Opera\u00e7\u00f5es T\u00e1cticas &nbsp; VCOT 02 Ve\u00edculo Comando e Opera\u00e7\u00f5es T\u00e1cticas<\/p>\n","protected":false},"author":25,"featured_media":0,"parent":1673,"menu_order":5,"comment_status":"closed","ping_status":"closed","template":"","meta":{"ngg_post_thumbnail":0,"footnotes":""},"class_list":["post-7371","page","type-page","status-publish","hentry"],"_links":{"self":[{"href":"https:\/\/www.bv-guimaraes.org\/site\/wp-json\/wp\/v2\/pages\/7371","targetHints":{"allow":["GET"]}}],"collection":[{"href":"https:\/\/www.bv-guimaraes.org\/site\/wp-json\/wp\/v2\/pages"}],"about":[{"href":"https:\/\/www.bv-guimaraes.org\/site\/wp-json\/wp\/v2\/types\/page"}],"author":[{"embeddable":true,"href":"https:\/\/www.bv-guimaraes.org\/site\/wp-json\/wp\/v2\/users\/25"}],"replies":[{"embeddable":true,"href":"https:\/\/www.bv-guimaraes.org\/site\/wp-json\/wp\/v2\/comments?post=7371"}],"version-history":[{"count":3,"href":"https:\/\/www.bv-guimaraes.org\/site\/wp-json\/wp\/v2\/pages\/7371\/revisions"}],"predecessor-version":[{"id":8283,"href":"https:\/\/www.bv-guimaraes.org\/site\/wp-json\/wp\/v2\/pages\/7371\/revisions\/8283"}],"up":[{"embeddable":true,"href":"https:\/\/www.bv-guimaraes.org\/site\/wp-json\/wp\/v2\/pages\/1673"}],"wp:attachment":[{"href":"https:\/\/www.bv-guimaraes.org\/site\/wp-json\/wp\/v2\/media?parent=7371"}],"curies":[{"name":"wp","href":"https:\/\/api.w.org\/{rel}","templated":true}]}}