{"id":7375,"date":"2016-08-03T11:39:31","date_gmt":"2016-08-03T11:39:31","guid":{"rendered":"http:\/\/www.bv-guimaraes.org\/site\/?page_id=7375"},"modified":"2019-02-13T13:51:14","modified_gmt":"2019-02-13T13:51:14","slug":"veiculo-de-apoio-logistico","status":"publish","type":"page","link":"https:\/\/www.bv-guimaraes.org\/site\/operacional\/viaturas\/veiculo-de-apoio-logistico\/","title":{"rendered":"Ve\u00edculos de Apoio Log\u00edstico"},"content":{"rendered":"<p><span style=\"font-size: large;\">VTTU 01<\/span><br \/>\n<span style=\"font-size: small;\">Ve\u00edculo Tanque T\u00e1ctico Urbano<\/span><\/p>\n<p><img loading=\"lazy\" decoding=\"async\" class=\"alignright size-large wp-image-8187\" src=\"http:\/\/www.bv-guimaraes.org\/site\/wp-content\/uploads\/IMG_20190213_115048-1024x768.jpg\" alt=\"\" width=\"720\" height=\"540\" srcset=\"https:\/\/www.bv-guimaraes.org\/site\/wp-content\/uploads\/IMG_20190213_115048.jpg 1024w, https:\/\/www.bv-guimaraes.org\/site\/wp-content\/uploads\/IMG_20190213_115048-300x225.jpg 300w, https:\/\/www.bv-guimaraes.org\/site\/wp-content\/uploads\/IMG_20190213_115048-768x576.jpg 768w\" sizes=\"auto, (max-width: 720px) 100vw, 720px\" \/><\/p>\n<p>&nbsp;<\/p>\n<p>&nbsp;<\/p>\n<p>&nbsp;<\/p>\n<p>&nbsp;<\/p>\n<p><span style=\"font-size: large;\">VTTU 02<\/span><br \/>\n<span style=\"font-size: small;\">Ve\u00edculo Tanque T\u00e1ctico Urbano<\/span><\/p>\n<p><a href=\"http:\/\/www.bv-guimaraes.org\/site\/wp-content\/uploads\/VTTU-02-BVG.jpg\" data-rel=\"lightbox-gallery-CmEEcDVE\" data-rl_title=\"\" data-rl_caption=\"\" title=\"\"><img loading=\"lazy\" decoding=\"async\" class=\"wp-image-1858 size-full aligncenter\" src=\"http:\/\/www.bv-guimaraes.org\/site\/wp-content\/uploads\/VTTU-02-BVG.jpg\" alt=\"VTTU 02 - BVG\" width=\"600\" height=\"400\" srcset=\"https:\/\/www.bv-guimaraes.org\/site\/wp-content\/uploads\/VTTU-02-BVG.jpg 600w, https:\/\/www.bv-guimaraes.org\/site\/wp-content\/uploads\/VTTU-02-BVG-300x200.jpg 300w\" sizes=\"auto, (max-width: 600px) 100vw, 600px\" \/><\/a><\/p>\n<p>&nbsp;<\/p>\n","protected":false},"excerpt":{"rendered":"<p>VTTU 01 Ve\u00edculo Tanque T\u00e1ctico Urbano &nbsp; &nbsp; &nbsp; &nbsp; VTTU 02 Ve\u00edculo Tanque T\u00e1ctico Urbano &nbsp;<\/p>\n","protected":false},"author":25,"featured_media":0,"parent":1673,"menu_order":6,"comment_status":"open","ping_status":"closed","template":"","meta":{"ngg_post_thumbnail":0,"footnotes":""},"class_list":["post-7375","page","type-page","status-publish","hentry"],"_links":{"self":[{"href":"https:\/\/www.bv-guimaraes.org\/site\/wp-json\/wp\/v2\/pages\/7375","targetHints":{"allow":["GET"]}}],"collection":[{"href":"https:\/\/www.bv-guimaraes.org\/site\/wp-json\/wp\/v2\/pages"}],"about":[{"href":"https:\/\/www.bv-guimaraes.org\/site\/wp-json\/wp\/v2\/types\/page"}],"author":[{"embeddable":true,"href":"https:\/\/www.bv-guimaraes.org\/site\/wp-json\/wp\/v2\/users\/25"}],"replies":[{"embeddable":true,"href":"https:\/\/www.bv-guimaraes.org\/site\/wp-json\/wp\/v2\/comments?post=7375"}],"version-history":[{"count":4,"href":"https:\/\/www.bv-guimaraes.org\/site\/wp-json\/wp\/v2\/pages\/7375\/revisions"}],"predecessor-version":[{"id":8188,"href":"https:\/\/www.bv-guimaraes.org\/site\/wp-json\/wp\/v2\/pages\/7375\/revisions\/8188"}],"up":[{"embeddable":true,"href":"https:\/\/www.bv-guimaraes.org\/site\/wp-json\/wp\/v2\/pages\/1673"}],"wp:attachment":[{"href":"https:\/\/www.bv-guimaraes.org\/site\/wp-json\/wp\/v2\/media?parent=7375"}],"curies":[{"name":"wp","href":"https:\/\/api.w.org\/{rel}","templated":true}]}}