{"id":8174,"date":"2019-02-13T11:09:55","date_gmt":"2019-02-13T11:09:55","guid":{"rendered":"http:\/\/www.bv-guimaraes.org\/site\/?page_id=8174"},"modified":"2019-02-13T11:15:33","modified_gmt":"2019-02-13T11:15:33","slug":"bombeirinhos","status":"publish","type":"page","link":"https:\/\/www.bv-guimaraes.org\/site\/bombeirinhos\/","title":{"rendered":"Bombeirinhos"},"content":{"rendered":"<p>As crian\u00e7as s\u00e3o os futuros membros da sociedade, e como tal, a nossa corpora\u00e7\u00e3o dedica um dia por ano, para dar a crian\u00e7as, a experi\u00eancia de serem bombeiros por um dia. O dia destinado aos Bombeirinhos\u00a0 \u00e9 sempre anunciado nas redes sociais e na comunica\u00e7\u00e3o social. Esteja atento!<\/p>\n<p>Confira em baixo alguns v\u00eddeos das edi\u00e7\u00f5es anteriores.<\/p>\n<div style=\"width: 720px;\" class=\"wp-video\"><video class=\"wp-video-shortcode\" id=\"video-8174-1\" width=\"720\" height=\"480\" preload=\"metadata\" controls=\"controls\"><source type=\"video\/mp4\" src=\"http:\/\/www.bv-guimaraes.org\/site\/wp-content\/uploads\/52374352_1112059255640167_1096174491460307765_n.mp4?_=1\" \/><a href=\"http:\/\/www.bv-guimaraes.org\/site\/wp-content\/uploads\/52374352_1112059255640167_1096174491460307765_n.mp4\">http:\/\/www.bv-guimaraes.org\/site\/wp-content\/uploads\/52374352_1112059255640167_1096174491460307765_n.mp4<\/a><\/video><\/div>\n<p>&nbsp;<\/p>\n<div style=\"width: 720px;\" class=\"wp-video\"><video class=\"wp-video-shortcode\" id=\"video-8174-2\" width=\"720\" height=\"480\" preload=\"metadata\" controls=\"controls\"><source type=\"video\/mp4\" src=\"http:\/\/www.bv-guimaraes.org\/site\/wp-content\/uploads\/44610364_706138449780424_3381409875169063482_n.mp4?_=2\" \/><a href=\"http:\/\/www.bv-guimaraes.org\/site\/wp-content\/uploads\/44610364_706138449780424_3381409875169063482_n.mp4\">http:\/\/www.bv-guimaraes.org\/site\/wp-content\/uploads\/44610364_706138449780424_3381409875169063482_n.mp4<\/a><\/video><\/div>\n<p>&nbsp;<\/p>\n<div style=\"width: 720px;\" class=\"wp-video\"><video class=\"wp-video-shortcode\" id=\"video-8174-3\" width=\"720\" height=\"480\" preload=\"metadata\" controls=\"controls\"><source type=\"video\/mp4\" src=\"http:\/\/www.bv-guimaraes.org\/site\/wp-content\/uploads\/42753714_1124957994376952_1926441360743756950_n.mp4?_=3\" \/><a href=\"http:\/\/www.bv-guimaraes.org\/site\/wp-content\/uploads\/42753714_1124957994376952_1926441360743756950_n.mp4\">http:\/\/www.bv-guimaraes.org\/site\/wp-content\/uploads\/42753714_1124957994376952_1926441360743756950_n.mp4<\/a><\/video><\/div>\n<p>&nbsp;<\/p>\n<div style=\"width: 640px;\" class=\"wp-video\"><video class=\"wp-video-shortcode\" id=\"video-8174-4\" width=\"640\" height=\"480\" preload=\"metadata\" controls=\"controls\"><source type=\"video\/mp4\" src=\"http:\/\/www.bv-guimaraes.org\/site\/wp-content\/uploads\/44646060_2236614129911542_5196289732370542876_n.mp4?_=4\" \/><a href=\"http:\/\/www.bv-guimaraes.org\/site\/wp-content\/uploads\/44646060_2236614129911542_5196289732370542876_n.mp4\">http:\/\/www.bv-guimaraes.org\/site\/wp-content\/uploads\/44646060_2236614129911542_5196289732370542876_n.mp4<\/a><\/video><\/div>\n<p>&nbsp;<\/p>\n","protected":false},"excerpt":{"rendered":"<p>As crian\u00e7as s\u00e3o os futuros membros da sociedade, e como tal, a nossa corpora\u00e7\u00e3o dedica um dia por ano, para dar a crian\u00e7as, a experi\u00eancia de serem bombeiros por um dia. O dia destinado aos Bombeirinhos\u00a0 \u00e9 sempre anunciado nas<\/p>\n","protected":false},"author":25,"featured_media":0,"parent":0,"menu_order":0,"comment_status":"closed","ping_status":"closed","template":"","meta":{"ngg_post_thumbnail":0,"footnotes":""},"class_list":["post-8174","page","type-page","status-publish","hentry"],"_links":{"self":[{"href":"https:\/\/www.bv-guimaraes.org\/site\/wp-json\/wp\/v2\/pages\/8174","targetHints":{"allow":["GET"]}}],"collection":[{"href":"https:\/\/www.bv-guimaraes.org\/site\/wp-json\/wp\/v2\/pages"}],"about":[{"href":"https:\/\/www.bv-guimaraes.org\/site\/wp-json\/wp\/v2\/types\/page"}],"author":[{"embeddable":true,"href":"https:\/\/www.bv-guimaraes.org\/site\/wp-json\/wp\/v2\/users\/25"}],"replies":[{"embeddable":true,"href":"https:\/\/www.bv-guimaraes.org\/site\/wp-json\/wp\/v2\/comments?post=8174"}],"version-history":[{"count":2,"href":"https:\/\/www.bv-guimaraes.org\/site\/wp-json\/wp\/v2\/pages\/8174\/revisions"}],"predecessor-version":[{"id":8181,"href":"https:\/\/www.bv-guimaraes.org\/site\/wp-json\/wp\/v2\/pages\/8174\/revisions\/8181"}],"wp:attachment":[{"href":"https:\/\/www.bv-guimaraes.org\/site\/wp-json\/wp\/v2\/media?parent=8174"}],"curies":[{"name":"wp","href":"https:\/\/api.w.org\/{rel}","templated":true}]}}